{"id":200,"date":"2016-09-23T17:08:28","date_gmt":"2016-09-23T17:08:28","guid":{"rendered":"http:\/\/demo.presslayouts.com\/emallshop\/default\/?page_id=200"},"modified":"2022-08-24T12:09:09","modified_gmt":"2022-08-24T15:09:09","slug":"home-2","status":"publish","type":"page","link":"https:\/\/rainhadogesso.com.br\/catalogo\/","title":{"rendered":"Home"},"content":{"rendered":"<p>[vc_row css=&#8221;.vc_custom_1474964546718{margin-top: 25px !important;}&#8221;][vc_column width=&#8221;1\/4&#8243; css=&#8221;.vc_custom_1479704391790{margin-bottom: -15px !important;}&#8221; offset=&#8221;vc_hidden-md vc_hidden-sm vc_hidden-xs&#8221;][vertical_menu title=&#8221;Navegue por Categoria&#8221;][\/vc_column][vc_column offset=&#8221;vc_col-lg-9&#8243; css=&#8221;.vc_custom_1537364862226{margin-bottom: -50px !important;}&#8221;][rev_slider_vc alias=&#8221;homeslider_yellow&#8221;][\/vc_column][\/vc_row][vc_row][vc_column width=&#8221;1\/4&#8243; offset=&#8221;vc_hidden-md vc_hidden-sm vc_hidden-xs&#8221;][vc_empty_space height=&#8221;45px&#8221;][vc_single_image image=&#8221;26623&#8243; img_size=&#8221;full&#8221;][vc_single_image image=&#8221;26573&#8243; img_size=&#8221;full&#8221;][vc_single_image image=&#8221;26576&#8243; img_size=&#8221;full&#8221;][vc_single_image image=&#8221;26578&#8243; img_size=&#8221;full&#8221;][testimonials title=&#8221;Depoimentos&#8221;][\/vc_column][vc_column offset=&#8221;vc_col-lg-9&#8243;][vc_row_inner css=&#8221;.vc_custom_1661353746628{margin-bottom: -120px !important;}&#8221;][vc_column_inner][vc_custom_heading text=&#8221;Linha Completa de Produtos&#8221; font_container=&#8221;tag:h2|font_size:36|text_align:center&#8221; google_fonts=&#8221;font_family:Montserrat%3Aregular%2C700|font_style:400%20regular%3A400%3Anormal&#8221;][products_carousel products_type=&#8221;best-seller-products&#8221; per_page=&#8221;8&#8243; rp_desktop=&#8221;5&#8243; rp_small_desktop=&#8221;4&#8243; rp_tablet=&#8221;3&#8243; rp_mobile=&#8221;2&#8243; rp_small_mobile=&#8221;1&#8243; title=&#8221;Promo\u00e7\u00f5es&#8221; category=&#8221;gessos&#8221;][\/vc_column_inner][\/vc_row_inner][vc_row_inner][vc_column_inner width=&#8221;1\/2&#8243;][vc_single_image image=&#8221;26607&#8243; img_size=&#8221;full&#8221; alignment=&#8221;center&#8221; onclick=&#8221;custom_link&#8221; link=&#8221;#&#8221;][\/vc_column_inner][vc_column_inner width=&#8221;1\/2&#8243;][vc_single_image image=&#8221;26603&#8243; img_size=&#8221;full&#8221; alignment=&#8221;center&#8221; onclick=&#8221;custom_link&#8221; link=&#8221;#&#8221;][\/vc_column_inner][\/vc_row_inner][products_carousel products_type=&#8221;featured-products&#8221; per_page=&#8221;24&#8243; products_row=&#8221;3&#8243; auto_play=&#8221;true&#8221; loop=&#8221;true&#8221; rp_desktop=&#8221;4&#8243; rp_small_desktop=&#8221;4&#8243; rp_tablet=&#8221;3&#8243; rp_mobile=&#8221;2&#8243; rp_small_mobile=&#8221;2&#8243; title=&#8221;Produtos em Promo\u00e7\u00e3o&#8221; category=&#8221;-1&#8243; css=&#8221;.vc_custom_1556222366422{margin-bottom: -25px !important;}&#8221;][vc_btn title=&#8221;Ver Cat\u00e1logo Completo&#8221; style=&#8221;3d&#8221; color=&#8221;purple&#8221; align=&#8221;center&#8221; i_align=&#8221;right&#8221; i_icon_fontawesome=&#8221;fa fa-chevron-circle-right&#8221; add_icon=&#8221;true&#8221; link=&#8221;url:http%3A%2F%2Frainhadogesso.com.br%2Fcatalogo%2Fcatalogo-de-produtos%2F|||&#8221;][vc_row_inner][vc_column_inner width=&#8221;1\/3&#8243;]<div class=\"aio-icon-component    style_1\"><div id=\"Info-box-wrap-7556\" class=\"aio-icon-box top-icon\" style=\"\"  ><div class=\"aio-icon-top\"><div class=\"ult-just-icon-wrapper  \"><div class=\"align-icon\" style=\"text-align:center;\">\n<div class=\"aio-icon-img  uavc-circle \" style=\"font-size:48px;background:#e5e5e5;display:inline-block;\" >\n\t<img class=\"img-icon\" alt=\"null\" src=\"https:\/\/rainhadogesso.com.br\/catalogo\/wp-content\/uploads\/2019\/04\/brickwall.png\"\/>\n<\/div><\/div><\/div><\/div><div class=\"aio-icon-header\" ><h3 class=\"aio-icon-title ult-responsive\"  data-ultimate-target='#Info-box-wrap-7556 .aio-icon-title'  data-responsive-json-new='{\"font-size\":\"desktop:18px;\",\"line-height\":\"\"}'  style=\"\">Drywall<\/h3><\/div> <!-- header --><div class=\"aio-icon-description ult-responsive\"  data-ultimate-target='#Info-box-wrap-7556 .aio-icon-description'  data-responsive-json-new='{\"font-size\":\"\",\"line-height\":\"\"}'  style=\"\">Rainha Elizabeth? N\u00e3o, \u00e9 Rainha do Gesso! S\u00f3 aqui voc\u00ea encontra\u00a0uma sele\u00e7\u00e3o especial de produtos de alt\u00edssima qualidade! Confira agora mesmo em nosso cat\u00e1logo.<\/div> <!-- description --><\/div> <!-- aio-icon-box --><\/div> <!-- aio-icon-component -->[\/vc_column_inner][vc_column_inner width=&#8221;1\/3&#8243;]<div class=\"aio-icon-component    style_1\"><div id=\"Info-box-wrap-8585\" class=\"aio-icon-box top-icon\" style=\"\"  ><div class=\"aio-icon-top\"><div class=\"ult-just-icon-wrapper  \"><div class=\"align-icon\" style=\"text-align:center;\">\n<div class=\"aio-icon-img  uavc-circle \" style=\"font-size:48px;background:#e5e5e5;display:inline-block;\" >\n\t<img class=\"img-icon\" alt=\"null\" src=\"https:\/\/rainhadogesso.com.br\/catalogo\/wp-content\/uploads\/2019\/04\/cement.png\"\/>\n<\/div><\/div><\/div><\/div><div class=\"aio-icon-header\" ><h3 class=\"aio-icon-title ult-responsive\"  data-ultimate-target='#Info-box-wrap-8585 .aio-icon-title'  data-responsive-json-new='{\"font-size\":\"desktop:18px;\",\"line-height\":\"\"}'  style=\"\">Gesso &amp; Acess\u00f3rios<\/h3><\/div> <!-- header --><div class=\"aio-icon-description ult-responsive\"  data-ultimate-target='#Info-box-wrap-8585 .aio-icon-description'  data-responsive-json-new='{\"font-size\":\"\",\"line-height\":\"\"}'  style=\"\">Diversos materiais especiais para o trabalho com gesso. Desde blocos de gesso a equipamentos especiais para prote\u00e7\u00e3o. Confira a lista completa e solicite j\u00e1 seu or\u00e7amento.<\/div> <!-- description --><\/div> <!-- aio-icon-box --><\/div> <!-- aio-icon-component -->[\/vc_column_inner][vc_column_inner width=&#8221;1\/3&#8243;]<div class=\"aio-icon-component    style_1\"><div id=\"Info-box-wrap-8706\" class=\"aio-icon-box top-icon\" style=\"\"  ><div class=\"aio-icon-top\"><div class=\"ult-just-icon-wrapper  \"><div class=\"align-icon\" style=\"text-align:center;\">\n<div class=\"aio-icon-img  uavc-circle \" style=\"font-size:48px;background:#e5e5e5;display:inline-block;\" >\n\t<img class=\"img-icon\" alt=\"null\" src=\"https:\/\/rainhadogesso.com.br\/catalogo\/wp-content\/uploads\/2019\/04\/isolamento.png\"\/>\n<\/div><\/div><\/div><\/div><div class=\"aio-icon-header\" ><h3 class=\"aio-icon-title ult-responsive\"  data-ultimate-target='#Info-box-wrap-8706 .aio-icon-title'  data-responsive-json-new='{\"font-size\":\"desktop:18px;\",\"line-height\":\"\"}'  style=\"\">Placas &amp; Isolamento<\/h3><\/div> <!-- header --><div class=\"aio-icon-description ult-responsive\"  data-ultimate-target='#Info-box-wrap-8706 .aio-icon-description'  data-responsive-json-new='{\"font-size\":\"\",\"line-height\":\"\"}'  style=\"\">Trabalhamos principalmente com materiais para isolamento ac\u00fastico em paredes Drywall e Placas ciment\u00edcias. Confira nosso cat\u00e1logo e solicite seu or\u00e7amento hoje mesmo.<\/div> <!-- description --><\/div> <!-- aio-icon-box --><\/div> <!-- aio-icon-component -->[\/vc_column_inner][\/vc_row_inner][\/vc_column][\/vc_row]<\/p>\n","protected":false},"excerpt":{"rendered":"<p>[vc_row css=&#8221;.vc_custom_1474964546718{margin-top: 25px !important;}&#8221;][vc_column width=&#8221;1\/4&#8243; css=&#8221;.vc_custom_1479704391790{margin-bottom: -15px !important;}&#8221; offset=&#8221;vc_hidden-md vc_hidden-sm vc_hidden-xs&#8221;][vertical_menu title=&#8221;Navegue por Categoria&#8221;][\/vc_column][vc_column offset=&#8221;vc_col-lg-9&#8243; css=&#8221;.vc_custom_1537364862226{margin-bottom: -50px !important;}&#8221;][rev_slider_vc alias=&#8221;homeslider_yellow&#8221;][\/vc_column][\/vc_row][vc_row][vc_column width=&#8221;1\/4&#8243; offset=&#8221;vc_hidden-md vc_hidden-sm vc_hidden-xs&#8221;][vc_empty_space height=&#8221;45px&#8221;][vc_single_image image=&#8221;26623&#8243; img_size=&#8221;full&#8221;][vc_single_image image=&#8221;26573&#8243; img_size=&#8221;full&#8221;][vc_single_image image=&#8221;26576&#8243; img_size=&#8221;full&#8221;][vc_single_image image=&#8221;26578&#8243; img_size=&#8221;full&#8221;][testimonials title=&#8221;Depoimentos&#8221;][\/vc_column][vc_column offset=&#8221;vc_col-lg-9&#8243;][vc_row_inner css=&#8221;.vc_custom_1661353746628{margin-bottom: -120px !important;}&#8221;][vc_column_inner][vc_custom_heading text=&#8221;Linha Completa de Produtos&#8221; font_container=&#8221;tag:h2|font_size:36|text_align:center&#8221; google_fonts=&#8221;font_family:Montserrat%3Aregular%2C700|font_style:400%20regular%3A400%3Anormal&#8221;][products_carousel products_type=&#8221;best-seller-products&#8221; per_page=&#8221;8&#8243; rp_desktop=&#8221;5&#8243; rp_small_desktop=&#8221;4&#8243; rp_tablet=&#8221;3&#8243; rp_mobile=&#8221;2&#8243; rp_small_mobile=&#8221;1&#8243; title=&#8221;Promo\u00e7\u00f5es&#8221; category=&#8221;gessos&#8221;][\/vc_column_inner][\/vc_row_inner][vc_row_inner][vc_column_inner width=&#8221;1\/2&#8243;][vc_single_image image=&#8221;26607&#8243; img_size=&#8221;full&#8221; &hellip; <a href=\"https:\/\/rainhadogesso.com.br\/catalogo\/\" class=\"more-link\">Read more<\/a><\/p>\n","protected":false},"author":1,"featured_media":0,"parent":0,"menu_order":0,"comment_status":"closed","ping_status":"closed","template":"","meta":[],"_links":{"self":[{"href":"https:\/\/rainhadogesso.com.br\/catalogo\/wp-json\/wp\/v2\/pages\/200"}],"collection":[{"href":"https:\/\/rainhadogesso.com.br\/catalogo\/wp-json\/wp\/v2\/pages"}],"about":[{"href":"https:\/\/rainhadogesso.com.br\/catalogo\/wp-json\/wp\/v2\/types\/page"}],"author":[{"embeddable":true,"href":"https:\/\/rainhadogesso.com.br\/catalogo\/wp-json\/wp\/v2\/users\/1"}],"replies":[{"embeddable":true,"href":"https:\/\/rainhadogesso.com.br\/catalogo\/wp-json\/wp\/v2\/comments?post=200"}],"version-history":[{"count":0,"href":"https:\/\/rainhadogesso.com.br\/catalogo\/wp-json\/wp\/v2\/pages\/200\/revisions"}],"wp:attachment":[{"href":"https:\/\/rainhadogesso.com.br\/catalogo\/wp-json\/wp\/v2\/media?parent=200"}],"curies":[{"name":"wp","href":"https:\/\/api.w.org\/{rel}","templated":true}]}}