{"id":26002,"date":"2018-09-19T09:20:44","date_gmt":"2018-09-19T12:20:44","guid":{"rendered":"http:\/\/rainhadogesso.com.br\/catalogo\/index.php\/product\/fita-de-papel\/"},"modified":"2022-11-11T11:56:07","modified_gmt":"2022-11-11T14:56:07","slug":"fita-de-papel","status":"publish","type":"product","link":"https:\/\/rainhadogesso.com.br\/catalogo\/shop\/sistema-drywall\/fita-de-papel\/","title":{"rendered":"FITA PAPEL  150 MTS PLACO"},"content":{"rendered":"<p><strong>Medidas:\u00a0150 mts<\/strong><\/p>\n<p>&nbsp;<\/p>\n<p><em>\u00c9 uma fita constitu\u00edda de papel microporoso e microperfurado que facilita a sa\u00edda do ar contido sob a fita na hora da aplica\u00e7\u00e3o, evitando a forma\u00e7\u00e3o de bolhas.<\/em> <em>Possui uma dobra localizada no centro, a fim de facilitar o correto posicionamento da mesma sobre as duas placas. \u00c9 utilizada no tratamento de juntas entre as placas de gesso em paredes ou tetos.<\/em><\/p>\n<p>&nbsp;<\/p>\n<p><em>Aplica\u00e7\u00e3o:<\/em><\/p>\n<p>&nbsp;<\/p>\n<p><em>Neste caso aplica-se uma primeira camada de massa diretamente sobre a junta das placas e ent\u00e3o coloca-se a fita de papel sobre a massa, pressionando-a firmemente a fim de se eliminar eventuais bolhas de ar. Por fim aplica-se uma nova camada de massa para promover o acabamento final.<\/em><\/p>\n<p><strong>\u00a0<\/strong><\/p>\n","protected":false},"excerpt":{"rendered":"<p>[vc_btn title=&#8221;Solicitar Or\u00e7amento&#8221; style=&#8221;3d&#8221; color=&#8221;info&#8221; size=&#8221;lg&#8221; link=&#8221;url:http%3A%2F%2Frainhadogesso.com.br%2Fcatalogo%2Fsolicitar-orcamento|||&#8221;]<\/p>\n","protected":false},"featured_media":27072,"comment_status":"open","ping_status":"closed","template":"","meta":[],"_links":{"self":[{"href":"https:\/\/rainhadogesso.com.br\/catalogo\/wp-json\/wp\/v2\/product\/26002"}],"collection":[{"href":"https:\/\/rainhadogesso.com.br\/catalogo\/wp-json\/wp\/v2\/product"}],"about":[{"href":"https:\/\/rainhadogesso.com.br\/catalogo\/wp-json\/wp\/v2\/types\/product"}],"replies":[{"embeddable":true,"href":"https:\/\/rainhadogesso.com.br\/catalogo\/wp-json\/wp\/v2\/comments?post=26002"}],"wp:featuredmedia":[{"embeddable":true,"href":"https:\/\/rainhadogesso.com.br\/catalogo\/wp-json\/wp\/v2\/media\/27072"}],"wp:attachment":[{"href":"https:\/\/rainhadogesso.com.br\/catalogo\/wp-json\/wp\/v2\/media?parent=26002"}],"curies":[{"name":"wp","href":"https:\/\/api.w.org\/{rel}","templated":true}]}}