{"id":26012,"date":"2018-09-19T09:20:45","date_gmt":"2018-09-19T12:20:45","guid":{"rendered":"http:\/\/rainhadogesso.com.br\/catalogo\/index.php\/product\/fita-de-canto\/"},"modified":"2022-11-11T11:55:29","modified_gmt":"2022-11-11T14:55:29","slug":"fita-de-canto","status":"publish","type":"product","link":"https:\/\/rainhadogesso.com.br\/catalogo\/shop\/sistema-drywall\/fita-de-canto\/","title":{"rendered":"Fita de Canto"},"content":{"rendered":"<p>Papel especial microperfurado com \u00f3tima resist\u00eancia ao rasgamento ou enrugamento, possuem microperfura\u00e7\u00f5es que evitam a forma\u00e7\u00e3o de bolhas de ar.\u00a0\u00c9 ligeiramente lixada para melhor ader\u00eancia da massa, e possui o centro pr\u00e9-marcado para dobrar facilmente quando aplicada da em cantos internos. A fita de canto com tiras de metal para Drywall pode ser dobrada ao meio at\u00e9 90 graus e presa nos cantos exteriores.<\/p>\n","protected":false},"excerpt":{"rendered":"<p>[vc_btn title=&#8221;Solicitar Or\u00e7amento&#8221; style=&#8221;3d&#8221; color=&#8221;info&#8221; size=&#8221;lg&#8221; link=&#8221;url:http%3A%2F%2Frainhadogesso.com.br%2Fcatalogo%2Fsolicitar-orcamento|||&#8221;]<\/p>\n","protected":false},"featured_media":26892,"comment_status":"open","ping_status":"closed","template":"","meta":[],"_links":{"self":[{"href":"https:\/\/rainhadogesso.com.br\/catalogo\/wp-json\/wp\/v2\/product\/26012"}],"collection":[{"href":"https:\/\/rainhadogesso.com.br\/catalogo\/wp-json\/wp\/v2\/product"}],"about":[{"href":"https:\/\/rainhadogesso.com.br\/catalogo\/wp-json\/wp\/v2\/types\/product"}],"replies":[{"embeddable":true,"href":"https:\/\/rainhadogesso.com.br\/catalogo\/wp-json\/wp\/v2\/comments?post=26012"}],"wp:featuredmedia":[{"embeddable":true,"href":"https:\/\/rainhadogesso.com.br\/catalogo\/wp-json\/wp\/v2\/media\/26892"}],"wp:attachment":[{"href":"https:\/\/rainhadogesso.com.br\/catalogo\/wp-json\/wp\/v2\/media?parent=26012"}],"curies":[{"name":"wp","href":"https:\/\/api.w.org\/{rel}","templated":true}]}}