{"id":26024,"date":"2018-09-19T09:20:46","date_gmt":"2018-09-19T12:20:46","guid":{"rendered":"http:\/\/rainhadogesso.com.br\/catalogo\/index.php\/product\/alcapao-com-tampa-de-aco\/"},"modified":"2022-11-11T11:55:11","modified_gmt":"2022-11-11T14:55:11","slug":"alcapao-com-tampa-de-aco","status":"publish","type":"product","link":"https:\/\/rainhadogesso.com.br\/catalogo\/shop\/novidades\/alcapao-com-tampa-de-aco\/","title":{"rendered":"Al\u00e7ap\u00e3o com Tampa de A\u00e7o"},"content":{"rendered":"<p>V\u00e1rias medidas<\/p>\n","protected":false},"excerpt":{"rendered":"<p>[vc_btn title=&#8221;Solicitar Or\u00e7amento&#8221; style=&#8221;3d&#8221; color=&#8221;info&#8221; size=&#8221;lg&#8221; link=&#8221;url:http%3A%2F%2Frainhadogesso.com.br%2Fcatalogo%2Fsolicitar-orcamento|||&#8221;]<\/p>\n","protected":false},"featured_media":26025,"comment_status":"open","ping_status":"closed","template":"","meta":[],"_links":{"self":[{"href":"https:\/\/rainhadogesso.com.br\/catalogo\/wp-json\/wp\/v2\/product\/26024"}],"collection":[{"href":"https:\/\/rainhadogesso.com.br\/catalogo\/wp-json\/wp\/v2\/product"}],"about":[{"href":"https:\/\/rainhadogesso.com.br\/catalogo\/wp-json\/wp\/v2\/types\/product"}],"replies":[{"embeddable":true,"href":"https:\/\/rainhadogesso.com.br\/catalogo\/wp-json\/wp\/v2\/comments?post=26024"}],"wp:featuredmedia":[{"embeddable":true,"href":"https:\/\/rainhadogesso.com.br\/catalogo\/wp-json\/wp\/v2\/media\/26025"}],"wp:attachment":[{"href":"https:\/\/rainhadogesso.com.br\/catalogo\/wp-json\/wp\/v2\/media?parent=26024"}],"curies":[{"name":"wp","href":"https:\/\/api.w.org\/{rel}","templated":true}]}}