{"id":26038,"date":"2018-09-19T09:20:48","date_gmt":"2018-09-19T12:20:48","guid":{"rendered":"http:\/\/rainhadogesso.com.br\/catalogo\/index.php\/product\/la-de-vidro\/"},"modified":"2022-11-11T11:52:31","modified_gmt":"2022-11-11T14:52:31","slug":"la-de-vidro","status":"publish","type":"product","link":"https:\/\/rainhadogesso.com.br\/catalogo\/shop\/isolamento\/la-de-vidro\/","title":{"rendered":"L\u00e3 de Vidro WF"},"content":{"rendered":"<p>Por ser um material fibroso, a l\u00e3 de vidro \u00e9 um dos melhores materiais para o tratamento ac\u00fastico, podendo ser usada na isola\u00e7\u00e3o ac\u00fastica, que ajuda na constru\u00e7\u00e3o de barreiras para evitar a transfer\u00eancia de uma onda sonora (ru\u00eddo) de um ambiente para o outro ou na absor\u00e7\u00e3o ac\u00fastica, que \u00e9 um tratamento aplicado para melhorar a qualidade ac\u00fastica dos ambientes. Quando uma onda sonora entra em contato com a l\u00e3 de vidro, ela \u00e9 facilmente absorvida, devido \u00e1\u00a0porosidade da l\u00e3. Al\u00e9m disso, ocorre uma fric\u00e7\u00e3o entre a onda e a superf\u00edcie das fibras. Essa fric\u00e7\u00e3o converte parte da energia sonora em calor, ou seja, a l\u00e3 de vidro faz com que a energia sonora perca intensidade, o que resulta em um aumento de absor\u00e7\u00e3o ou da isola\u00e7\u00e3o sonora. Tal fen\u00f4meno de absor\u00e7\u00e3o e fric\u00e7\u00e3o em conjunto n\u00e3o ocorre com outros materiais n\u00e3o-fibrosos.<\/p>\n<p>&nbsp;<\/p>\n<p>* Vendido por pacote de 15 m\u00b2<\/p>\n<p><strong>Especifica\u00e7\u00f5es:<\/strong><\/p>\n<table width=\"100%\">\n<tbody>\n<tr>\n<td width=\"48%\">Composi\u00e7\u00e3o<\/td>\n<td width=\"48%\">Feltro constitu\u00eddo por l\u00e3 de vidro, aglomerada com resinas sint\u00e9ticas.<\/td>\n<\/tr>\n<tr>\n<td width=\"48%\">Dimens\u00f5es (m)<\/td>\n<td width=\"48%\">12,50 x 1,20<\/td>\n<\/tr>\n<tr>\n<td width=\"48%\">Espessuras (mm)<\/td>\n<td width=\"48%\">50<\/td>\n<\/tr>\n<tr>\n<td width=\"48%\">Revestimento<\/td>\n<td width=\"48%\">Papel Kraft pardo.<\/td>\n<\/tr>\n<\/tbody>\n<\/table>\n<p>&nbsp;<\/p>\n","protected":false},"excerpt":{"rendered":"<p>[vc_btn title=&#8221;Solicitar Or\u00e7amento&#8221; style=&#8221;3d&#8221; color=&#8221;info&#8221; size=&#8221;lg&#8221; link=&#8221;url:http%3A%2F%2Frainhadogesso.com.br%2Fcatalogo%2Fsolicitar-orcamento|||&#8221;]<\/p>\n","protected":false},"featured_media":26039,"comment_status":"open","ping_status":"closed","template":"","meta":[],"_links":{"self":[{"href":"https:\/\/rainhadogesso.com.br\/catalogo\/wp-json\/wp\/v2\/product\/26038"}],"collection":[{"href":"https:\/\/rainhadogesso.com.br\/catalogo\/wp-json\/wp\/v2\/product"}],"about":[{"href":"https:\/\/rainhadogesso.com.br\/catalogo\/wp-json\/wp\/v2\/types\/product"}],"replies":[{"embeddable":true,"href":"https:\/\/rainhadogesso.com.br\/catalogo\/wp-json\/wp\/v2\/comments?post=26038"}],"wp:featuredmedia":[{"embeddable":true,"href":"https:\/\/rainhadogesso.com.br\/catalogo\/wp-json\/wp\/v2\/media\/26039"}],"wp:attachment":[{"href":"https:\/\/rainhadogesso.com.br\/catalogo\/wp-json\/wp\/v2\/media?parent=26038"}],"curies":[{"name":"wp","href":"https:\/\/api.w.org\/{rel}","templated":true}]}}