{"id":26066,"date":"2018-09-19T09:20:51","date_gmt":"2018-09-19T12:20:51","guid":{"rendered":"http:\/\/rainhadogesso.com.br\/catalogo\/index.php\/product\/montante\/"},"modified":"2022-11-11T11:50:45","modified_gmt":"2022-11-11T14:50:45","slug":"montante","status":"publish","type":"product","link":"https:\/\/rainhadogesso.com.br\/catalogo\/shop\/sistema-drywall\/montante\/","title":{"rendered":"Montantes"},"content":{"rendered":"<p><strong>Medidas:\u00a048x 2,50\/2,60\/2,70\/2,80 e 3 Metros<\/strong><br \/>\n<strong>70&#215;2,50\/2,60\/2,70\/2,80\/<\/strong><strong>90&#215;3 e 3 Metros<br \/>\n<\/strong>S\u00e3o produtos espec\u00edficos para estrutura\u00e7\u00e3o montagem de paredes. Para a estrutura\u00e7\u00e3o horizontal.<\/p>\n<p><strong>\u00a0<\/strong><\/p>\n","protected":false},"excerpt":{"rendered":"<p>[vc_btn title=&#8221;Solicitar Or\u00e7amento&#8221; style=&#8221;3d&#8221; color=&#8221;info&#8221; size=&#8221;lg&#8221; link=&#8221;url:http%3A%2F%2Frainhadogesso.com.br%2Fcatalogo%2Fsolicitar-orcamento|||&#8221;]<\/p>\n","protected":false},"featured_media":26067,"comment_status":"open","ping_status":"closed","template":"","meta":[],"_links":{"self":[{"href":"https:\/\/rainhadogesso.com.br\/catalogo\/wp-json\/wp\/v2\/product\/26066"}],"collection":[{"href":"https:\/\/rainhadogesso.com.br\/catalogo\/wp-json\/wp\/v2\/product"}],"about":[{"href":"https:\/\/rainhadogesso.com.br\/catalogo\/wp-json\/wp\/v2\/types\/product"}],"replies":[{"embeddable":true,"href":"https:\/\/rainhadogesso.com.br\/catalogo\/wp-json\/wp\/v2\/comments?post=26066"}],"wp:featuredmedia":[{"embeddable":true,"href":"https:\/\/rainhadogesso.com.br\/catalogo\/wp-json\/wp\/v2\/media\/26067"}],"wp:attachment":[{"href":"https:\/\/rainhadogesso.com.br\/catalogo\/wp-json\/wp\/v2\/media?parent=26066"}],"curies":[{"name":"wp","href":"https:\/\/api.w.org\/{rel}","templated":true}]}}