{"id":26082,"date":"2018-09-19T09:20:53","date_gmt":"2018-09-19T12:20:53","guid":{"rendered":"http:\/\/rainhadogesso.com.br\/catalogo\/index.php\/product\/tesoura-irwin\/"},"modified":"2022-11-11T11:46:29","modified_gmt":"2022-11-11T14:46:29","slug":"tesoura-irwin","status":"publish","type":"product","link":"https:\/\/rainhadogesso.com.br\/catalogo\/shop\/ferramentas-fixadores\/tesoura-irwin\/","title":{"rendered":"TESOURA P\/ CORTE CURTO STANLEY"},"content":{"rendered":"<ul>\n<li>S\u00e3o ferramentas ideais para o profissional que precisa de uma tesoura robusta, mas ao mesmo tempo leve e pr\u00e1tica: sua leveza permite um corte mais f\u00e1cil e preciso. S\u00e3o forjadas, o que as torna mais resistentes, tanto no bico quanto na parte de corte.<\/li>\n<\/ul>\n","protected":false},"excerpt":{"rendered":"<p>[vc_btn title=&#8221;Solicitar Or\u00e7amento&#8221; style=&#8221;3d&#8221; color=&#8221;info&#8221; size=&#8221;lg&#8221; link=&#8221;url:http%3A%2F%2Frainhadogesso.com.br%2Fcatalogo%2Fsolicitar-orcamento|||&#8221;]<\/p>\n","protected":false},"featured_media":26083,"comment_status":"open","ping_status":"closed","template":"","meta":[],"_links":{"self":[{"href":"https:\/\/rainhadogesso.com.br\/catalogo\/wp-json\/wp\/v2\/product\/26082"}],"collection":[{"href":"https:\/\/rainhadogesso.com.br\/catalogo\/wp-json\/wp\/v2\/product"}],"about":[{"href":"https:\/\/rainhadogesso.com.br\/catalogo\/wp-json\/wp\/v2\/types\/product"}],"replies":[{"embeddable":true,"href":"https:\/\/rainhadogesso.com.br\/catalogo\/wp-json\/wp\/v2\/comments?post=26082"}],"wp:featuredmedia":[{"embeddable":true,"href":"https:\/\/rainhadogesso.com.br\/catalogo\/wp-json\/wp\/v2\/media\/26083"}],"wp:attachment":[{"href":"https:\/\/rainhadogesso.com.br\/catalogo\/wp-json\/wp\/v2\/media?parent=26082"}],"curies":[{"name":"wp","href":"https:\/\/api.w.org\/{rel}","templated":true}]}}