{"id":26086,"date":"2018-09-19T09:20:53","date_gmt":"2018-09-19T12:20:53","guid":{"rendered":"http:\/\/rainhadogesso.com.br\/catalogo\/index.php\/product\/kit-de-linha\/"},"modified":"2022-11-11T11:46:20","modified_gmt":"2022-11-11T14:46:20","slug":"kit-de-linha","status":"publish","type":"product","link":"https:\/\/rainhadogesso.com.br\/catalogo\/shop\/ferramentas-fixadores\/kit-de-linha\/","title":{"rendered":"Kit de Linha"},"content":{"rendered":"<ul>\n<li>Gancho largo de a\u00e7o para maior fixa\u00e7\u00e3o<\/li>\n<li>Linha de nylon e poliester 2 vezes mais dur\u00e1vel<\/li>\n<li>Corpo em ABS e metal para aumento da resist\u00eancia \u00e1 quedas<\/li>\n<li>Fechamento mais seguro com a tampa de 1\/4 de volta.<\/li>\n<\/ul>\n","protected":false},"excerpt":{"rendered":"<p>[vc_btn title=&#8221;Solicitar Or\u00e7amento&#8221; style=&#8221;3d&#8221; color=&#8221;info&#8221; size=&#8221;lg&#8221; link=&#8221;url:http%3A%2F%2Frainhadogesso.com.br%2Fcatalogo%2Fsolicitar-orcamento|||&#8221;]<\/p>\n","protected":false},"featured_media":26087,"comment_status":"open","ping_status":"closed","template":"","meta":[],"_links":{"self":[{"href":"https:\/\/rainhadogesso.com.br\/catalogo\/wp-json\/wp\/v2\/product\/26086"}],"collection":[{"href":"https:\/\/rainhadogesso.com.br\/catalogo\/wp-json\/wp\/v2\/product"}],"about":[{"href":"https:\/\/rainhadogesso.com.br\/catalogo\/wp-json\/wp\/v2\/types\/product"}],"replies":[{"embeddable":true,"href":"https:\/\/rainhadogesso.com.br\/catalogo\/wp-json\/wp\/v2\/comments?post=26086"}],"wp:featuredmedia":[{"embeddable":true,"href":"https:\/\/rainhadogesso.com.br\/catalogo\/wp-json\/wp\/v2\/media\/26087"}],"wp:attachment":[{"href":"https:\/\/rainhadogesso.com.br\/catalogo\/wp-json\/wp\/v2\/media?parent=26086"}],"curies":[{"name":"wp","href":"https:\/\/api.w.org\/{rel}","templated":true}]}}