{"id":26222,"date":"2019-04-23T17:15:45","date_gmt":"2019-04-23T20:15:45","guid":{"rendered":"http:\/\/rainhadogesso.com.br\/catalogo\/?post_type=product&#038;p=26222"},"modified":"2022-11-11T11:44:13","modified_gmt":"2022-11-11T14:44:13","slug":"placa-resistente-a-umidade","status":"publish","type":"product","link":"https:\/\/rainhadogesso.com.br\/catalogo\/shop\/sistema-drywall\/placa-resistente-a-umidade\/","title":{"rendered":"PLACA RU 12,5X1,20X1.80 PLACO DO BRASIL \/KNAUF"},"content":{"rendered":"<p><strong>Medidas: (RU) 1,20X2,40 e 1,20&#215;1,80<\/strong><\/p>\n<p>&nbsp;<\/p>\n<p>Paredes de ambientes como banheiros, cozinhas e lavanderias tamb\u00e9m podem ser feitas de drywall, desde que o local onde passa o encanamento receba placas verdes (RU), que trazem silicone na f\u00f3rmula. Esse tipo \u00e9 bem-vindo inclusive em boxes, tem absor\u00e7\u00e3o mais lenta em rela\u00e7\u00e3o \u00e0s demais pe\u00e7as, mas n\u00e3o dispensa a impermeabiliza\u00e7\u00e3o do piso e da parede (at\u00e9 15cm de altura), evitando a umidade ascendente.<\/p>\n<p>&nbsp;<\/p>\n<p><strong>\u00a0<\/strong><\/p>\n","protected":false},"excerpt":{"rendered":"<p>[vc_btn title=&#8221;Solicitar Or\u00e7amento&#8221; style=&#8221;3d&#8221; color=&#8221;info&#8221; size=&#8221;lg&#8221; link=&#8221;url:http%3A%2F%2Frainhadogesso.com.br%2Fcatalogo%2Fsolicitar-orcamento|||&#8221;]<\/p>\n","protected":false},"featured_media":26227,"comment_status":"open","ping_status":"closed","template":"","meta":[],"_links":{"self":[{"href":"https:\/\/rainhadogesso.com.br\/catalogo\/wp-json\/wp\/v2\/product\/26222"}],"collection":[{"href":"https:\/\/rainhadogesso.com.br\/catalogo\/wp-json\/wp\/v2\/product"}],"about":[{"href":"https:\/\/rainhadogesso.com.br\/catalogo\/wp-json\/wp\/v2\/types\/product"}],"replies":[{"embeddable":true,"href":"https:\/\/rainhadogesso.com.br\/catalogo\/wp-json\/wp\/v2\/comments?post=26222"}],"wp:featuredmedia":[{"embeddable":true,"href":"https:\/\/rainhadogesso.com.br\/catalogo\/wp-json\/wp\/v2\/media\/26227"}],"wp:attachment":[{"href":"https:\/\/rainhadogesso.com.br\/catalogo\/wp-json\/wp\/v2\/media?parent=26222"}],"curies":[{"name":"wp","href":"https:\/\/api.w.org\/{rel}","templated":true}]}}