{"id":26228,"date":"2019-04-23T17:46:04","date_gmt":"2019-04-23T20:46:04","guid":{"rendered":"http:\/\/rainhadogesso.com.br\/catalogo\/?post_type=product&#038;p=26228"},"modified":"2022-11-11T11:44:06","modified_gmt":"2022-11-11T14:44:06","slug":"placa-resistente-ao-fogo","status":"publish","type":"product","link":"https:\/\/rainhadogesso.com.br\/catalogo\/shop\/sistema-drywall\/placa-resistente-ao-fogo\/","title":{"rendered":"PLACA RF 12,5X1,20X2,40 PLACO DO BRASIL \/KNAUF"},"content":{"rendered":"<p><strong>Medidas: ( RF) 1,20X2,40<\/strong><\/p>\n<p>&nbsp;<\/p>\n<p>Possuem \u00a0aplica\u00e7\u00e3o semelhante \u00e0s placas ST e RU , com o diferencial de proporcionar um maior tempo de resist\u00eancia ao fogo .Para \u00e1reas com exig\u00eancias de acordo com os requisitos normativos aplic\u00e1veis.<\/p>\n<p>&nbsp;<\/p>\n<p><strong>\u00a0<\/strong><\/p>\n","protected":false},"excerpt":{"rendered":"<p>[vc_btn title=&#8221;Solicitar Or\u00e7amento&#8221; style=&#8221;3d&#8221; color=&#8221;info&#8221; size=&#8221;lg&#8221; link=&#8221;url:http%3A%2F%2Frainhadogesso.com.br%2Fcatalogo%2Fsolicitar-orcamento|||&#8221;]<\/p>\n","protected":false},"featured_media":26229,"comment_status":"open","ping_status":"closed","template":"","meta":[],"_links":{"self":[{"href":"https:\/\/rainhadogesso.com.br\/catalogo\/wp-json\/wp\/v2\/product\/26228"}],"collection":[{"href":"https:\/\/rainhadogesso.com.br\/catalogo\/wp-json\/wp\/v2\/product"}],"about":[{"href":"https:\/\/rainhadogesso.com.br\/catalogo\/wp-json\/wp\/v2\/types\/product"}],"replies":[{"embeddable":true,"href":"https:\/\/rainhadogesso.com.br\/catalogo\/wp-json\/wp\/v2\/comments?post=26228"}],"wp:featuredmedia":[{"embeddable":true,"href":"https:\/\/rainhadogesso.com.br\/catalogo\/wp-json\/wp\/v2\/media\/26229"}],"wp:attachment":[{"href":"https:\/\/rainhadogesso.com.br\/catalogo\/wp-json\/wp\/v2\/media?parent=26228"}],"curies":[{"name":"wp","href":"https:\/\/api.w.org\/{rel}","templated":true}]}}