{"id":26230,"date":"2019-04-23T17:52:15","date_gmt":"2019-04-23T20:52:15","guid":{"rendered":"http:\/\/rainhadogesso.com.br\/catalogo\/?post_type=product&#038;p=26230"},"modified":"2022-11-11T11:43:55","modified_gmt":"2022-11-11T14:43:55","slug":"placa-impact","status":"publish","type":"product","link":"https:\/\/rainhadogesso.com.br\/catalogo\/shop\/sistema-drywall\/placa-impact\/","title":{"rendered":"PLACA IMPACT  12,5X1,20X2,40 PLACO DO BRASIL"},"content":{"rendered":"<p><strong>Medidas: 1,20X1,80<\/strong><\/p>\n<p>&nbsp;<\/p>\n<p>Se voc\u00ea precisa garantir mais resist\u00eancia a impactos e carga suspensa, a placa Impact \u00e9 a solu\u00e7\u00e3o. Seu desempenho \u00e9 maior se comparado aos resultados obtidos nas placas convencionais. Permite a fixa\u00e7\u00e3o de elementos com peso elevado sem comprometer a integridade da parede.<\/p>\n<p>&nbsp;<\/p>\n<p><strong>\u00a0<\/strong><\/p>\n","protected":false},"excerpt":{"rendered":"<p>[vc_btn title=&#8221;Solicitar Or\u00e7amento&#8221; style=&#8221;3d&#8221; color=&#8221;info&#8221; size=&#8221;lg&#8221; link=&#8221;url:http%3A%2F%2Frainhadogesso.com.br%2Fcatalogo%2Fsolicitar-orcamento|||&#8221;]<\/p>\n","protected":false},"featured_media":26231,"comment_status":"open","ping_status":"closed","template":"","meta":[],"_links":{"self":[{"href":"https:\/\/rainhadogesso.com.br\/catalogo\/wp-json\/wp\/v2\/product\/26230"}],"collection":[{"href":"https:\/\/rainhadogesso.com.br\/catalogo\/wp-json\/wp\/v2\/product"}],"about":[{"href":"https:\/\/rainhadogesso.com.br\/catalogo\/wp-json\/wp\/v2\/types\/product"}],"replies":[{"embeddable":true,"href":"https:\/\/rainhadogesso.com.br\/catalogo\/wp-json\/wp\/v2\/comments?post=26230"}],"wp:featuredmedia":[{"embeddable":true,"href":"https:\/\/rainhadogesso.com.br\/catalogo\/wp-json\/wp\/v2\/media\/26231"}],"wp:attachment":[{"href":"https:\/\/rainhadogesso.com.br\/catalogo\/wp-json\/wp\/v2\/media?parent=26230"}],"curies":[{"name":"wp","href":"https:\/\/api.w.org\/{rel}","templated":true}]}}