{"id":26232,"date":"2019-04-24T08:17:37","date_gmt":"2019-04-24T11:17:37","guid":{"rendered":"http:\/\/rainhadogesso.com.br\/catalogo\/?post_type=product&#038;p=26232"},"modified":"2022-11-11T11:43:46","modified_gmt":"2022-11-11T14:43:46","slug":"placa-st-br-6x120x200-placo","status":"publish","type":"product","link":"https:\/\/rainhadogesso.com.br\/catalogo\/shop\/sistema-drywall\/placa-st-br-6x120x200-placo\/","title":{"rendered":"PLACA ST BR 12,5X1,20X2,40 PLACO DO BRASIL \/KNAUF"},"content":{"rendered":"<ul>\n<li>Permite realizar forros curvos.<\/li>\n<li>Maior flexibilidade, permitindo a execu\u00e7\u00e3o de sistemas com raios de curvatura de at\u00e9 0,65 m.<\/li>\n<li>A superf\u00edcie final permite pintura posterior, conforme a necessidade do projeto. Apar\u00eancia monol\u00e1trica.<strong>Medidas:\u00a06X120X200<\/strong><\/li>\n<\/ul>\n","protected":false},"excerpt":{"rendered":"<p>[vc_btn title=&#8221;Solicitar Or\u00e7amento&#8221; style=&#8221;3d&#8221; color=&#8221;info&#8221; size=&#8221;lg&#8221; link=&#8221;url:http%3A%2F%2Frainhadogesso.com.br%2Fcatalogo%2Fsolicitar-orcamento|||&#8221;]<\/p>\n","protected":false},"featured_media":26233,"comment_status":"open","ping_status":"closed","template":"","meta":[],"_links":{"self":[{"href":"https:\/\/rainhadogesso.com.br\/catalogo\/wp-json\/wp\/v2\/product\/26232"}],"collection":[{"href":"https:\/\/rainhadogesso.com.br\/catalogo\/wp-json\/wp\/v2\/product"}],"about":[{"href":"https:\/\/rainhadogesso.com.br\/catalogo\/wp-json\/wp\/v2\/types\/product"}],"replies":[{"embeddable":true,"href":"https:\/\/rainhadogesso.com.br\/catalogo\/wp-json\/wp\/v2\/comments?post=26232"}],"wp:featuredmedia":[{"embeddable":true,"href":"https:\/\/rainhadogesso.com.br\/catalogo\/wp-json\/wp\/v2\/media\/26233"}],"wp:attachment":[{"href":"https:\/\/rainhadogesso.com.br\/catalogo\/wp-json\/wp\/v2\/media?parent=26232"}],"curies":[{"name":"wp","href":"https:\/\/api.w.org\/{rel}","templated":true}]}}