{"id":26301,"date":"2019-04-24T11:47:25","date_gmt":"2019-04-24T14:47:25","guid":{"rendered":"http:\/\/rainhadogesso.com.br\/catalogo\/?post_type=product&#038;p=26301"},"modified":"2022-11-11T11:40:00","modified_gmt":"2022-11-11T14:40:00","slug":"alcapao-para-drywall","status":"publish","type":"product","link":"https:\/\/rainhadogesso.com.br\/catalogo\/shop\/novidades\/alcapao-para-drywall\/","title":{"rendered":"Al\u00e7ap\u00e3o para Drywall"},"content":{"rendered":"<p>Funciona como uma tampa de inspe\u00e7\u00e3o de acesso ao forro de drywall para eventuais reparos e manuten\u00e7\u00f5es<\/p>\n","protected":false},"excerpt":{"rendered":"<p>[vc_btn title=&#8221;Solicitar Or\u00e7amento&#8221; style=&#8221;3d&#8221; color=&#8221;info&#8221; size=&#8221;lg&#8221; link=&#8221;url:http%3A%2F%2Frainhadogesso.com.br%2Fcatalogo%2Fsolicitar-orcamento|||&#8221;]<\/p>\n","protected":false},"featured_media":26302,"comment_status":"open","ping_status":"closed","template":"","meta":[],"_links":{"self":[{"href":"https:\/\/rainhadogesso.com.br\/catalogo\/wp-json\/wp\/v2\/product\/26301"}],"collection":[{"href":"https:\/\/rainhadogesso.com.br\/catalogo\/wp-json\/wp\/v2\/product"}],"about":[{"href":"https:\/\/rainhadogesso.com.br\/catalogo\/wp-json\/wp\/v2\/types\/product"}],"replies":[{"embeddable":true,"href":"https:\/\/rainhadogesso.com.br\/catalogo\/wp-json\/wp\/v2\/comments?post=26301"}],"wp:featuredmedia":[{"embeddable":true,"href":"https:\/\/rainhadogesso.com.br\/catalogo\/wp-json\/wp\/v2\/media\/26302"}],"wp:attachment":[{"href":"https:\/\/rainhadogesso.com.br\/catalogo\/wp-json\/wp\/v2\/media?parent=26301"}],"curies":[{"name":"wp","href":"https:\/\/api.w.org\/{rel}","templated":true}]}}