{"id":26328,"date":"2019-04-24T12:50:59","date_gmt":"2019-04-24T15:50:59","guid":{"rendered":"http:\/\/rainhadogesso.com.br\/catalogo\/?post_type=product&#038;p=26328"},"modified":"2022-11-11T11:36:50","modified_gmt":"2022-11-11T14:36:50","slug":"cx-de-passagem-4x4","status":"publish","type":"product","link":"https:\/\/rainhadogesso.com.br\/catalogo\/shop\/ferramentas-fixadores\/cx-de-passagem-4x4\/","title":{"rendered":"CX DE PASSAGEM 4X4"},"content":{"rendered":"<p>PARA INSTALA\u00c7\u00d5ES TELEF\u00d4NICAS EM DRYWALL<\/p>\n<p>&nbsp;<\/p>\n","protected":false},"excerpt":{"rendered":"<p>[vc_btn title=&#8221;Solicitar Or\u00e7amento&#8221; style=&#8221;3d&#8221; color=&#8221;info&#8221; size=&#8221;lg&#8221; link=&#8221;url:http%3A%2F%2Frainhadogesso.com.br%2Fcatalogo%2Fsolicitar-orcamento|||&#8221;]<\/p>\n","protected":false},"featured_media":26329,"comment_status":"open","ping_status":"closed","template":"","meta":[],"_links":{"self":[{"href":"https:\/\/rainhadogesso.com.br\/catalogo\/wp-json\/wp\/v2\/product\/26328"}],"collection":[{"href":"https:\/\/rainhadogesso.com.br\/catalogo\/wp-json\/wp\/v2\/product"}],"about":[{"href":"https:\/\/rainhadogesso.com.br\/catalogo\/wp-json\/wp\/v2\/types\/product"}],"replies":[{"embeddable":true,"href":"https:\/\/rainhadogesso.com.br\/catalogo\/wp-json\/wp\/v2\/comments?post=26328"}],"wp:featuredmedia":[{"embeddable":true,"href":"https:\/\/rainhadogesso.com.br\/catalogo\/wp-json\/wp\/v2\/media\/26329"}],"wp:attachment":[{"href":"https:\/\/rainhadogesso.com.br\/catalogo\/wp-json\/wp\/v2\/media?parent=26328"}],"curies":[{"name":"wp","href":"https:\/\/api.w.org\/{rel}","templated":true}]}}