{"id":26344,"date":"2019-04-24T13:14:08","date_gmt":"2019-04-24T16:14:08","guid":{"rendered":"http:\/\/rainhadogesso.com.br\/catalogo\/?post_type=product&#038;p=26344"},"modified":"2022-11-11T11:36:21","modified_gmt":"2022-11-11T14:36:21","slug":"retardante-yeso-1-kg","status":"publish","type":"product","link":"https:\/\/rainhadogesso.com.br\/catalogo\/shop\/sistema-drywall\/retardante-yeso-1-kg\/","title":{"rendered":"RETARDANTE YESO 1 kg"},"content":{"rendered":"<p>PODE SER USADO EM TODAS AS FORMULA\u00c7\u00d5ES DE GESSO SEM ALTERAR A RESIST\u00caNCIA E TODAS AS OUTRAS CARACTER\u00cdSTICAS. O RETARDANTE DA YESO FAZ O GESSO ENDURECER GRADATIVAMENTE COM \u00d3TIMA PLASTICIDADE, ENQUANTO AS OUTRAS MARCAS ENDURECEM REPENTINAMENTE.<\/p>\n","protected":false},"excerpt":{"rendered":"<p>[vc_btn title=&#8221;Solicitar Or\u00e7amento&#8221; style=&#8221;3d&#8221; color=&#8221;info&#8221; size=&#8221;lg&#8221; link=&#8221;url:http%3A%2F%2Frainhadogesso.com.br%2Fcatalogo%2Fsolicitar-orcamento|||&#8221;]<\/p>\n","protected":false},"featured_media":26345,"comment_status":"open","ping_status":"closed","template":"","meta":[],"_links":{"self":[{"href":"https:\/\/rainhadogesso.com.br\/catalogo\/wp-json\/wp\/v2\/product\/26344"}],"collection":[{"href":"https:\/\/rainhadogesso.com.br\/catalogo\/wp-json\/wp\/v2\/product"}],"about":[{"href":"https:\/\/rainhadogesso.com.br\/catalogo\/wp-json\/wp\/v2\/types\/product"}],"replies":[{"embeddable":true,"href":"https:\/\/rainhadogesso.com.br\/catalogo\/wp-json\/wp\/v2\/comments?post=26344"}],"wp:featuredmedia":[{"embeddable":true,"href":"https:\/\/rainhadogesso.com.br\/catalogo\/wp-json\/wp\/v2\/media\/26345"}],"wp:attachment":[{"href":"https:\/\/rainhadogesso.com.br\/catalogo\/wp-json\/wp\/v2\/media?parent=26344"}],"curies":[{"name":"wp","href":"https:\/\/api.w.org\/{rel}","templated":true}]}}