{"id":26358,"date":"2019-04-24T13:36:34","date_gmt":"2019-04-24T16:36:34","guid":{"rendered":"http:\/\/rainhadogesso.com.br\/catalogo\/?post_type=product&#038;p=26358"},"modified":"2022-11-11T11:35:54","modified_gmt":"2022-11-11T14:35:54","slug":"fita-cimenticia-5-cm","status":"publish","type":"product","link":"https:\/\/rainhadogesso.com.br\/catalogo\/shop\/pintura-acabamento\/fita-cimenticia-5-cm\/","title":{"rendered":"MASSA CIMENT\u00cdCIA STANDARD YESO"},"content":{"rendered":"<p>Massa Ciment\u00edcia Standard Steel Frame<\/p>\n<p>O que \u00e9?<\/p>\n<p>Massa padr\u00e3o usada no rejunte de placas ciment\u00edcias em constru\u00e7\u00f5es steel frame, utilizada para proporcionar um melhor acabamento est\u00e9tico e veda\u00e7\u00e3o das jun\u00e7\u00f5es.<\/p>\n<p>Qual o diferencial?<\/p>\n<p>Evita 100% das fissuras causadas pelo abalo de portas, pancadas, acomoda\u00e7\u00e3o de paredes e outros aspectos. Por ter alto grau de elasticidade, podendo ser dobrada num \u00e2ngulo de 180\u00b0 e n\u00e3o racha; usa apenas 2 produtos (massa e fita monosistema) enquanto outras marcas usam 6 (Primer + fita delimitador de profundidade + massa para junta + acabamento + fita alcalina), isso reduz o tempo de aplica\u00e7\u00e3o e economiza em produtos e nos custos de m\u00e3o-de-obra a economia pode chegar a 40% do valor por metro linear em compara\u00e7\u00e3o a outras marcas.<\/p>\n","protected":false},"excerpt":{"rendered":"<p>[vc_btn title=&#8221;Solicitar Or\u00e7amento&#8221; style=&#8221;3d&#8221; color=&#8221;info&#8221; size=&#8221;lg&#8221; link=&#8221;url:http%3A%2F%2Frainhadogesso.com.br%2Fcatalogo%2Fsolicitar-orcamento|||&#8221;]<\/p>\n","protected":false},"featured_media":26361,"comment_status":"open","ping_status":"closed","template":"","meta":[],"_links":{"self":[{"href":"https:\/\/rainhadogesso.com.br\/catalogo\/wp-json\/wp\/v2\/product\/26358"}],"collection":[{"href":"https:\/\/rainhadogesso.com.br\/catalogo\/wp-json\/wp\/v2\/product"}],"about":[{"href":"https:\/\/rainhadogesso.com.br\/catalogo\/wp-json\/wp\/v2\/types\/product"}],"replies":[{"embeddable":true,"href":"https:\/\/rainhadogesso.com.br\/catalogo\/wp-json\/wp\/v2\/comments?post=26358"}],"wp:featuredmedia":[{"embeddable":true,"href":"https:\/\/rainhadogesso.com.br\/catalogo\/wp-json\/wp\/v2\/media\/26361"}],"wp:attachment":[{"href":"https:\/\/rainhadogesso.com.br\/catalogo\/wp-json\/wp\/v2\/media?parent=26358"}],"curies":[{"name":"wp","href":"https:\/\/api.w.org\/{rel}","templated":true}]}}