{"id":26393,"date":"2019-04-24T14:19:55","date_gmt":"2019-04-24T17:19:55","guid":{"rendered":"http:\/\/rainhadogesso.com.br\/catalogo\/?post_type=product&#038;p=26393"},"modified":"2022-11-11T11:33:33","modified_gmt":"2022-11-11T14:33:33","slug":"gesso-cola-5kg","status":"publish","type":"product","link":"https:\/\/rainhadogesso.com.br\/catalogo\/shop\/gessos\/gesso-cola-5kg\/","title":{"rendered":"Sisal"},"content":{"rendered":"<p>O sisal serve para d\u00e1 sustenta\u00e7\u00e3o ao forro placa 60&#215;60.<\/p>\n","protected":false},"excerpt":{"rendered":"<p>[vc_btn title=&#8221;Solicitar Or\u00e7amento&#8221; style=&#8221;3d&#8221; color=&#8221;info&#8221; size=&#8221;lg&#8221; link=&#8221;url:http%3A%2F%2Frainhadogesso.com.br%2Fcatalogo%2Fsolicitar-orcamento|||&#8221;]<\/p>\n","protected":false},"featured_media":26395,"comment_status":"open","ping_status":"closed","template":"","meta":[],"_links":{"self":[{"href":"https:\/\/rainhadogesso.com.br\/catalogo\/wp-json\/wp\/v2\/product\/26393"}],"collection":[{"href":"https:\/\/rainhadogesso.com.br\/catalogo\/wp-json\/wp\/v2\/product"}],"about":[{"href":"https:\/\/rainhadogesso.com.br\/catalogo\/wp-json\/wp\/v2\/types\/product"}],"replies":[{"embeddable":true,"href":"https:\/\/rainhadogesso.com.br\/catalogo\/wp-json\/wp\/v2\/comments?post=26393"}],"wp:featuredmedia":[{"embeddable":true,"href":"https:\/\/rainhadogesso.com.br\/catalogo\/wp-json\/wp\/v2\/media\/26395"}],"wp:attachment":[{"href":"https:\/\/rainhadogesso.com.br\/catalogo\/wp-json\/wp\/v2\/media?parent=26393"}],"curies":[{"name":"wp","href":"https:\/\/api.w.org\/{rel}","templated":true}]}}