{"id":26396,"date":"2019-04-24T14:23:08","date_gmt":"2019-04-24T17:23:08","guid":{"rendered":"http:\/\/rainhadogesso.com.br\/catalogo\/?post_type=product&#038;p=26396"},"modified":"2022-11-11T11:33:22","modified_gmt":"2022-11-11T14:33:22","slug":"sisal-pronto","status":"publish","type":"product","link":"https:\/\/rainhadogesso.com.br\/catalogo\/shop\/gessos\/sisal-pronto\/","title":{"rendered":"Sisal Pronto"},"content":{"rendered":"<p>PREPARA\u00c7\u00c3O:<\/p>\n<p>Colocar uma quantidade desejada de \u00c1gua em um recipiente limpo, gesso de chumba\u00e7\u00e3o at\u00e9 cobrir totalmente a \u00c1gua, uniformizar e usar. Estar\u00e1 pronta para utilizar. Composto de gesso fundi\u00e7\u00e3o com aditivos e fibras naturais. Serve para a fixa\u00e7\u00e3o de chapas usadas nos forros e rebaixamentos de teto.<\/p>\n<p>QUAL O DIFERENCIAL?<\/p>\n<p>Rende o dobro do sisal tradicional, 1kg + 20 kg de gesso = 7 M2 de forro 5kg de sisal pronto yeso= 15M2 reduz a sujeira, o desperd\u00edcio, o tempo de trabalho e os custos da obra.<\/p>\n","protected":false},"excerpt":{"rendered":"<p>[vc_btn title=&#8221;Solicitar Or\u00e7amento&#8221; style=&#8221;3d&#8221; color=&#8221;info&#8221; size=&#8221;lg&#8221; link=&#8221;url:http%3A%2F%2Frainhadogesso.com.br%2Fcatalogo%2Fsolicitar-orcamento|||&#8221;]<\/p>\n","protected":false},"featured_media":26831,"comment_status":"open","ping_status":"closed","template":"","meta":[],"_links":{"self":[{"href":"https:\/\/rainhadogesso.com.br\/catalogo\/wp-json\/wp\/v2\/product\/26396"}],"collection":[{"href":"https:\/\/rainhadogesso.com.br\/catalogo\/wp-json\/wp\/v2\/product"}],"about":[{"href":"https:\/\/rainhadogesso.com.br\/catalogo\/wp-json\/wp\/v2\/types\/product"}],"replies":[{"embeddable":true,"href":"https:\/\/rainhadogesso.com.br\/catalogo\/wp-json\/wp\/v2\/comments?post=26396"}],"wp:featuredmedia":[{"embeddable":true,"href":"https:\/\/rainhadogesso.com.br\/catalogo\/wp-json\/wp\/v2\/media\/26831"}],"wp:attachment":[{"href":"https:\/\/rainhadogesso.com.br\/catalogo\/wp-json\/wp\/v2\/media?parent=26396"}],"curies":[{"name":"wp","href":"https:\/\/api.w.org\/{rel}","templated":true}]}}