{"id":26406,"date":"2019-04-24T14:34:52","date_gmt":"2019-04-24T17:34:52","guid":{"rendered":"http:\/\/rainhadogesso.com.br\/catalogo\/?post_type=product&#038;p=26406"},"modified":"2022-11-11T11:32:44","modified_gmt":"2022-11-11T14:32:44","slug":"paraf-dewalt-255-220v","status":"publish","type":"product","link":"https:\/\/rainhadogesso.com.br\/catalogo\/shop\/ferramentas-fixadores\/paraf-dewalt-255-220v\/","title":{"rendered":"PARAF. DEWALT 255 220V"},"content":{"rendered":"<p>Parafusadeira DW255 da DeWalt \u00e9 ideal para quem trabalha com Drywall, gesso ou em constru\u00e7\u00e3o o civil. \u00c9 leve, com pot\u00eancia de 540 watts, e velocidade de 0 a 5.300 rpm, vari\u00e1vel e revers\u00edvel. Possui engrenagens helicoidais, sistema de regulagem de profundidade, para maior precis\u00e3o de trabalho e gatilho de borracha, que aumenta o conforto no manuseio.<\/p>\n","protected":false},"excerpt":{"rendered":"<p>[vc_btn title=&#8221;Solicitar Or\u00e7amento&#8221; style=&#8221;3d&#8221; color=&#8221;info&#8221; size=&#8221;lg&#8221; link=&#8221;url:http%3A%2F%2Frainhadogesso.com.br%2Fcatalogo%2Fsolicitar-orcamento|||&#8221;]<\/p>\n","protected":false},"featured_media":26407,"comment_status":"open","ping_status":"closed","template":"","meta":[],"_links":{"self":[{"href":"https:\/\/rainhadogesso.com.br\/catalogo\/wp-json\/wp\/v2\/product\/26406"}],"collection":[{"href":"https:\/\/rainhadogesso.com.br\/catalogo\/wp-json\/wp\/v2\/product"}],"about":[{"href":"https:\/\/rainhadogesso.com.br\/catalogo\/wp-json\/wp\/v2\/types\/product"}],"replies":[{"embeddable":true,"href":"https:\/\/rainhadogesso.com.br\/catalogo\/wp-json\/wp\/v2\/comments?post=26406"}],"wp:featuredmedia":[{"embeddable":true,"href":"https:\/\/rainhadogesso.com.br\/catalogo\/wp-json\/wp\/v2\/media\/26407"}],"wp:attachment":[{"href":"https:\/\/rainhadogesso.com.br\/catalogo\/wp-json\/wp\/v2\/media?parent=26406"}],"curies":[{"name":"wp","href":"https:\/\/api.w.org\/{rel}","templated":true}]}}