{"id":26437,"date":"2019-04-24T14:59:58","date_gmt":"2019-04-24T17:59:58","guid":{"rendered":"http:\/\/rainhadogesso.com.br\/catalogo\/?post_type=product&#038;p=26437"},"modified":"2022-11-11T11:30:23","modified_gmt":"2022-11-11T14:30:23","slug":"tesoura-p-corte-reto-irwin","status":"publish","type":"product","link":"https:\/\/rainhadogesso.com.br\/catalogo\/shop\/ferramentas-fixadores\/tesoura-p-corte-reto-irwin\/","title":{"rendered":"TESOURA P\/CORTE RETO IRWIN"},"content":{"rendered":"<ul>\n<li>Tesoura de Chapas Tipo Avia\u00e7\u00e3o<\/li>\n<li>Corte Reto e Curvas Amplas Recursos:<\/li>\n<li>As tesouras IRWIN\u00ae s\u00e3o as ferramentas ideais para o profissional que precisa de umas tesouras robusta, mas ao mesmo tempo leve e pr\u00e1tica: sua leveza permite um corte mais f\u00e1cil e preciso.<\/li>\n<li>S\u00e3o forjadas, o que as torna mais resistentes, tanto no bico quanto na parte de corte.<\/li>\n<\/ul>\n","protected":false},"excerpt":{"rendered":"<p>[vc_btn title=&#8221;Solicitar Or\u00e7amento&#8221; style=&#8221;3d&#8221; color=&#8221;info&#8221; size=&#8221;lg&#8221; link=&#8221;url:http%3A%2F%2Frainhadogesso.com.br%2Fcatalogo%2Fsolicitar-orcamento|||&#8221;]<\/p>\n","protected":false},"featured_media":26438,"comment_status":"open","ping_status":"closed","template":"","meta":[],"_links":{"self":[{"href":"https:\/\/rainhadogesso.com.br\/catalogo\/wp-json\/wp\/v2\/product\/26437"}],"collection":[{"href":"https:\/\/rainhadogesso.com.br\/catalogo\/wp-json\/wp\/v2\/product"}],"about":[{"href":"https:\/\/rainhadogesso.com.br\/catalogo\/wp-json\/wp\/v2\/types\/product"}],"replies":[{"embeddable":true,"href":"https:\/\/rainhadogesso.com.br\/catalogo\/wp-json\/wp\/v2\/comments?post=26437"}],"wp:featuredmedia":[{"embeddable":true,"href":"https:\/\/rainhadogesso.com.br\/catalogo\/wp-json\/wp\/v2\/media\/26438"}],"wp:attachment":[{"href":"https:\/\/rainhadogesso.com.br\/catalogo\/wp-json\/wp\/v2\/media?parent=26437"}],"curies":[{"name":"wp","href":"https:\/\/api.w.org\/{rel}","templated":true}]}}