{"id":26455,"date":"2019-04-24T15:18:20","date_gmt":"2019-04-24T18:18:20","guid":{"rendered":"http:\/\/rainhadogesso.com.br\/catalogo\/?post_type=product&#038;p=26455"},"modified":"2022-11-11T11:29:13","modified_gmt":"2022-11-11T14:29:13","slug":"nivel-com-base-magnetica","status":"publish","type":"product","link":"https:\/\/rainhadogesso.com.br\/catalogo\/shop\/ferramentas-fixadores\/nivel-com-base-magnetica\/","title":{"rendered":"NIVEL COM BASE MAGNETICA"},"content":{"rendered":"<p>Possui um im\u00e3 que permite a realiza\u00e7\u00e3o de trabalhos com as m\u00e3os livres durante o alinhamento e ajuste de objetos met\u00e1licos. Indicado para nivelar superf\u00edcies em geral. Especifica\u00e7\u00f5es: Comprimento do n\u00edvel: 9&#8242; &#8211; 228 mm Posi\u00e7\u00e3o das bolhas do n\u00edvel: 1 bolha vertical,1 bolha horizontal e 1 bolha inclinada 45\u00c2\u00b0 Largura do n\u00edvel: 40,0 mm Largura da base do n\u00edvel: 15,0 mm<\/p>\n","protected":false},"excerpt":{"rendered":"<p>[vc_btn title=&#8221;Solicitar Or\u00e7amento&#8221; style=&#8221;3d&#8221; color=&#8221;info&#8221; size=&#8221;lg&#8221; link=&#8221;url:http%3A%2F%2Frainhadogesso.com.br%2Fcatalogo%2Fsolicitar-orcamento|||&#8221;]<\/p>\n","protected":false},"featured_media":26456,"comment_status":"open","ping_status":"closed","template":"","meta":[],"_links":{"self":[{"href":"https:\/\/rainhadogesso.com.br\/catalogo\/wp-json\/wp\/v2\/product\/26455"}],"collection":[{"href":"https:\/\/rainhadogesso.com.br\/catalogo\/wp-json\/wp\/v2\/product"}],"about":[{"href":"https:\/\/rainhadogesso.com.br\/catalogo\/wp-json\/wp\/v2\/types\/product"}],"replies":[{"embeddable":true,"href":"https:\/\/rainhadogesso.com.br\/catalogo\/wp-json\/wp\/v2\/comments?post=26455"}],"wp:featuredmedia":[{"embeddable":true,"href":"https:\/\/rainhadogesso.com.br\/catalogo\/wp-json\/wp\/v2\/media\/26456"}],"wp:attachment":[{"href":"https:\/\/rainhadogesso.com.br\/catalogo\/wp-json\/wp\/v2\/media?parent=26455"}],"curies":[{"name":"wp","href":"https:\/\/api.w.org\/{rel}","templated":true}]}}