{"id":26461,"date":"2019-04-24T15:23:42","date_gmt":"2019-04-24T18:23:42","guid":{"rendered":"http:\/\/rainhadogesso.com.br\/catalogo\/?post_type=product&#038;p=26461"},"modified":"2022-11-11T11:28:46","modified_gmt":"2022-11-11T14:28:46","slug":"espatula-10cm-12cm-6cm-15cm","status":"publish","type":"product","link":"https:\/\/rainhadogesso.com.br\/catalogo\/shop\/ferramentas-fixadores\/espatula-10cm-12cm-6cm-15cm\/","title":{"rendered":"ESP\u00c1TULA TIGRE V\u00c1RIOS TAMANHOS"},"content":{"rendered":"<p>ESP\u00c1TULA PARA GESSO COLA<\/p>\n<p><strong>Dimens\u00f5es:<\/strong>\u00a0<strong>6 CM, 8 CM, 10 CM, 12 CM E 15 CM<\/strong><\/p>\n","protected":false},"excerpt":{"rendered":"<p>[vc_btn title=&#8221;Solicitar Or\u00e7amento&#8221; style=&#8221;3d&#8221; color=&#8221;info&#8221; size=&#8221;lg&#8221; link=&#8221;url:http%3A%2F%2Frainhadogesso.com.br%2Fcatalogo%2Fsolicitar-orcamento|||&#8221;]<\/p>\n","protected":false},"featured_media":26462,"comment_status":"open","ping_status":"closed","template":"","meta":[],"_links":{"self":[{"href":"https:\/\/rainhadogesso.com.br\/catalogo\/wp-json\/wp\/v2\/product\/26461"}],"collection":[{"href":"https:\/\/rainhadogesso.com.br\/catalogo\/wp-json\/wp\/v2\/product"}],"about":[{"href":"https:\/\/rainhadogesso.com.br\/catalogo\/wp-json\/wp\/v2\/types\/product"}],"replies":[{"embeddable":true,"href":"https:\/\/rainhadogesso.com.br\/catalogo\/wp-json\/wp\/v2\/comments?post=26461"}],"wp:featuredmedia":[{"embeddable":true,"href":"https:\/\/rainhadogesso.com.br\/catalogo\/wp-json\/wp\/v2\/media\/26462"}],"wp:attachment":[{"href":"https:\/\/rainhadogesso.com.br\/catalogo\/wp-json\/wp\/v2\/media?parent=26461"}],"curies":[{"name":"wp","href":"https:\/\/api.w.org\/{rel}","templated":true}]}}