{"id":26494,"date":"2019-04-24T15:51:49","date_gmt":"2019-04-24T18:51:49","guid":{"rendered":"http:\/\/rainhadogesso.com.br\/catalogo\/?post_type=product&#038;p=26494"},"modified":"2022-11-11T11:19:45","modified_gmt":"2022-11-11T14:19:45","slug":"mascara","status":"publish","type":"product","link":"https:\/\/rainhadogesso.com.br\/catalogo\/shop\/ferramentas-fixadores\/mascara\/","title":{"rendered":"M\u00e1scara"},"content":{"rendered":"<p>PROTE\u00c7\u00c3O RESPIRAT\u00d3RIA, VALIDADE 3 ANOS<\/p>\n","protected":false},"excerpt":{"rendered":"<p>[vc_btn title=&#8221;Solicitar Or\u00e7amento&#8221; style=&#8221;3d&#8221; color=&#8221;info&#8221; size=&#8221;lg&#8221; link=&#8221;url:http%3A%2F%2Frainhadogesso.com.br%2Fcatalogo%2Fsolicitar-orcamento|||&#8221;]<\/p>\n","protected":false},"featured_media":26495,"comment_status":"open","ping_status":"closed","template":"","meta":[],"_links":{"self":[{"href":"https:\/\/rainhadogesso.com.br\/catalogo\/wp-json\/wp\/v2\/product\/26494"}],"collection":[{"href":"https:\/\/rainhadogesso.com.br\/catalogo\/wp-json\/wp\/v2\/product"}],"about":[{"href":"https:\/\/rainhadogesso.com.br\/catalogo\/wp-json\/wp\/v2\/types\/product"}],"replies":[{"embeddable":true,"href":"https:\/\/rainhadogesso.com.br\/catalogo\/wp-json\/wp\/v2\/comments?post=26494"}],"wp:featuredmedia":[{"embeddable":true,"href":"https:\/\/rainhadogesso.com.br\/catalogo\/wp-json\/wp\/v2\/media\/26495"}],"wp:attachment":[{"href":"https:\/\/rainhadogesso.com.br\/catalogo\/wp-json\/wp\/v2\/media?parent=26494"}],"curies":[{"name":"wp","href":"https:\/\/api.w.org\/{rel}","templated":true}]}}