{"id":26510,"date":"2019-04-24T16:11:26","date_gmt":"2019-04-24T19:11:26","guid":{"rendered":"http:\/\/rainhadogesso.com.br\/catalogo\/?post_type=product&#038;p=26510"},"modified":"2022-11-11T11:18:39","modified_gmt":"2022-11-11T14:18:39","slug":"forro-mineral-ecomin","status":"publish","type":"product","link":"https:\/\/rainhadogesso.com.br\/catalogo\/shop\/forro-removivel\/forro-mineral-ecomin\/","title":{"rendered":"FORRO MINERAL ECOMIN"},"content":{"rendered":"<p><strong>Medidas: 625X625X13MM QUADADRO<br \/>\n<\/strong><br \/>\nOs forros de fibra mineral\u00a0<strong>AMF<\/strong>\u00a0s\u00e3o fabricados a partir de min\u00e9rios em bruto (rocha). A l\u00e3 mineral, a perita e a argila s\u00e3o materiais que possuem qualidades construtivas insuper\u00e1veis, principalmente quanto a prote\u00e7\u00e3o ao fogo e ac\u00fastica.<\/p>\n<p>Com o forte objetivo de garantir maior seguran\u00e7a e melhorar o bem-estar humano, os forros de fibra mineral\u00a0<strong>AMF<\/strong>\u00a0foram desenvolvidos de forma inteligente, incorporando novas e exclusivas fun\u00e7\u00f5es, tais como: tratamento contra odores, tratamento de bordas com elemento enrijecedor, sistemas de prote\u00e7\u00e3o contra fogo, tratamento bacteriost\u00e1tico e fungist\u00e1tico, entre outros, al\u00e9m de maximizar a combina\u00e7\u00e3o de absor\u00e7\u00e3o sonora e atenua\u00e7\u00e3o de ru\u00eddos.<\/p>\n<p>A\u00a0<strong>AMF<\/strong><strong>\u00a0<\/strong>oferece uma ampla gama de produtos que atende todas as \u00e1reas da constru\u00e7\u00e3o civil, da arquitetura, decora\u00e7\u00e3o e design. S\u00e3o produtos inovadores com elevada performance t\u00e9cnica para as mais diversas necessidades, que simbolizam qualidade superior e seguran\u00e7a m\u00e1xima.<\/p>\n<p><strong>Ficha T\u00e9cnica:<\/strong><\/p>\n<ul>\n<li>Modelo: Ecomin Filigran<\/li>\n<li>Espessura: 13mm<\/li>\n<li>Peso: 3,6 Kg\/m2<\/li>\n<li>Modula\u00e7\u00e3o: 625x625mm \/ <strong>625x1250mm<\/strong><\/li>\n<li>NRC: 0,50 (Norma ASTM C 423)<\/li>\n<li>Borda SK -24<\/li>\n<\/ul>\n<p>&nbsp;<\/p>\n<p>&nbsp;<\/p>\n","protected":false},"excerpt":{"rendered":"<p>[vc_btn title=&#8221;Solicitar Or\u00e7amento&#8221; style=&#8221;3d&#8221; color=&#8221;info&#8221; size=&#8221;lg&#8221; link=&#8221;url:http%3A%2F%2Frainhadogesso.com.br%2Fcatalogo%2Fsolicitar-orcamento|||&#8221;]<\/p>\n","protected":false},"featured_media":26511,"comment_status":"open","ping_status":"closed","template":"","meta":[],"_links":{"self":[{"href":"https:\/\/rainhadogesso.com.br\/catalogo\/wp-json\/wp\/v2\/product\/26510"}],"collection":[{"href":"https:\/\/rainhadogesso.com.br\/catalogo\/wp-json\/wp\/v2\/product"}],"about":[{"href":"https:\/\/rainhadogesso.com.br\/catalogo\/wp-json\/wp\/v2\/types\/product"}],"replies":[{"embeddable":true,"href":"https:\/\/rainhadogesso.com.br\/catalogo\/wp-json\/wp\/v2\/comments?post=26510"}],"wp:featuredmedia":[{"embeddable":true,"href":"https:\/\/rainhadogesso.com.br\/catalogo\/wp-json\/wp\/v2\/media\/26511"}],"wp:attachment":[{"href":"https:\/\/rainhadogesso.com.br\/catalogo\/wp-json\/wp\/v2\/media?parent=26510"}],"curies":[{"name":"wp","href":"https:\/\/api.w.org\/{rel}","templated":true}]}}