{"id":26970,"date":"2022-08-02T10:36:31","date_gmt":"2022-08-02T13:36:31","guid":{"rendered":"https:\/\/rainhadogesso.com.br\/catalogo\/?post_type=product&#038;p=26970"},"modified":"2022-11-11T10:49:47","modified_gmt":"2022-11-11T13:49:47","slug":"wallfelt-4","status":"publish","type":"product","link":"https:\/\/rainhadogesso.com.br\/catalogo\/shop\/sistema-drywall\/wallfelt-4\/","title":{"rendered":"WALLFELT 4+"},"content":{"rendered":"<div>As l\u00e3s de vidro ISOVER Wallfelt 4+ foram desenvolvidas para proporcionar isolamento de paredes em sistemas de constru\u00e7\u00e3o a seco: drywall e light steel frame.<\/div>\n<div><\/div>\n<div>A linha Wallfelt 4+ traz 4 conceitos, inspirados na natureza, que garantem qualidade e benef\u00edcios dos sistemas e produtos ISOVER:<\/div>\n<div><\/div>\n<div>&#8211; Conforto: mais macio e f\u00e1cil de aplicar;<\/div>\n<div>&#8211; Seguran\u00e7a: composto por material incombust\u00edvel;<\/div>\n<div>&#8211; Desempenho: excelentes caracter\u00edsticas t\u00e9cnicas e atendimento \u00e0s normas;<\/div>\n<div>\n<h2>&#8211; Sustentabilidade:<\/h2>\n<p>fabricada com 65% de material reciclado e menor emiss\u00e3o de gases ao meio ambiente.<\/p>\n<\/div>\n<div><\/div>\n<div>Diferente do que algumas pessoas imaginam, a l\u00e3 de vidro se adequa a qualquer tipo de veda\u00e7\u00e3o interna, inclusive em \u00e1reas sujeitas \u00e0 umidade, como cozinhas e banheiros. Por isso, Wallfelt 4+ se integra aos sistemas hidr\u00e1ulicos, el\u00e9tricos e demais cabeamentos de forma simples e segura.<\/div>\n<div><\/div>\n<div>O produto consiste um feltro de l\u00e3 de vidro revestido em uma das faces com v\u00e9u de vidro. Wallfelt 4+ garante efici\u00eancia na isola\u00e7\u00e3o t\u00e9rmica, gra\u00e7as ao confinamento de ar entre suas tramas.<\/div>\n<div><\/div>\n<div>Wallfelt 4+ \u00e9 a solu\u00e7\u00e3o para quem busca uma barreira de som entre ambientes internos e uma melhor manuten\u00e7\u00e3o da temperatura local.<\/div>\n<div><\/div>\n<div>Vantagens:<\/div>\n<div><\/div>\n<div>\n<h2>Conforto Ac\u00fastico<\/h2>\n<\/div>\n<div>Perfeito para isolamento de paredes em sistemas de constru\u00e7\u00e3o a seco, o feltro Wallfelt 4+ traz conforto ac\u00fastico e t\u00e9rmico ao ambientes onde \u00e9 aplicado. Ou seja, reduz ru\u00eddos gerados em ambientes vizinhos e melhora a manuten\u00e7\u00e3o da temperatura interna do ambiente.<\/div>\n<div><\/div>\n<div>Sustentabilidade<\/div>\n<div>O processo de fabrica\u00e7\u00e3o de Wallfelt 4+ utiliza 65% de material reciclado. A capacidade de compacta\u00e7\u00e3o do feltro permite que o produto ocupe at\u00e9 4 vezes menos espa\u00e7o, o que otimiza o transporte e a armazenagem, diminuindo impactos ambientais.<\/div>\n<div><\/div>\n<div>\n<h2>Seguran\u00e7a<\/h2>\n<\/div>\n<div>A seguran\u00e7a \u00e9 uma das preocupa\u00e7\u00f5es da ISOVER ao promover o bem-estar das pessoas em ambientes mais confort\u00e1veis e seguros. Por isso, Wallfelt 4+ \u00e9 resistente ao fogo, retardando a propaga\u00e7\u00e3o de chamas e facilitando a evacua\u00e7\u00e3o em inc\u00eandios.<\/div>\n<div><\/div>\n<div>\n<h2>Alta resist\u00eancia<\/h2>\n<\/div>\n<div>A l\u00e3 de vidro \u00e9 inquebr\u00e1vel e bastante est\u00e1vel, assim, o feltro Wallfelt 4+ \u00e9 bastante resistente, al\u00e9m de evitar a prolifera\u00e7\u00e3o de fungos e bact\u00e9rias.<\/div>\n<div><\/div>\n<div>F\u00e1cil instala\u00e7\u00e3o<\/div>\n<div>Al\u00e9m da facilidade de transporte e leveza, a fam\u00edlia Wallfelt 4+ com pr\u00e9 corte proporciona rapidez de montagem, contribuindo para a redu\u00e7\u00e3o do prazo para concluir a obra.<\/div>\n<div><\/div>\n<div>Onde utilizar:<\/div>\n<div><\/div>\n<div>Indicado para qualquer edifica\u00e7\u00e3o que utilize sistemas de divis\u00f3rias internas drywall e steel frame, atendendo \u00e0 necessidade de aliar conforto ac\u00fastico e t\u00e9rmico nos ambientes internos.<\/div>\n<div><\/div>\n<div>Propriedades t\u00e9cnicas:<\/div>\n<div><\/div>\n<div>Aplica\u00e7\u00f5es:<\/div>\n<div><\/div>\n<div>A principal aplica\u00e7\u00e3o das l\u00e3s de vidro Wallfelt 4+ \u00e9 na composi\u00e7\u00e3o do sistema de constru\u00e7\u00e3o de paredes divis\u00f3rias internas em sistemas de constru\u00e7\u00e3o a seco: drywall e light steel frame.<\/div>\n<div><\/div>\n<div>Wallfelt 4+ \u00e9 aplic\u00e1vel em todas as paredes de constru\u00e7\u00f5es residenciais e comerciais, como escolas, hot\u00e9is, cinemas e outros. Essa linha de isolamento de parede tem como vantagens de aplica\u00e7\u00e3o, al\u00e9m da leveza, a rapidez, a limpeza e a praticidade de montagem.<\/div>\n<div><\/div>\n<div>\n<h3>Ambientes ac\u00fasticos:<\/h3>\n<\/div>\n<div><\/div>\n<div>&#8211; Audit\u00f3rios<\/div>\n<div>&#8211; Bares e restaurantes<\/div>\n<div>&#8211; Casas noturnas<\/div>\n<div>&#8211; Bibliotecas<\/div>\n<div>&#8211; Est\u00fadios de grava\u00e7\u00e3o<\/div>\n<div>&#8211; Hospitais e cl\u00ednicas<\/div>\n<div>&#8211; Igrejas e templos<\/div>\n<div>&#8211; Institu\u00e7\u00f5es de ensino<\/div>\n<div>&#8211; Shopping centers<\/div>\n<div><\/div>\n<div>\n<h3>Ambientes corporativos:<\/h3>\n<\/div>\n<div><\/div>\n<div>&#8211; Escrit\u00f3rios<\/div>\n<div>&#8211; Audit\u00f3rios<\/div>\n<div>&#8211; Call centers<\/div>\n<div>&#8211; Caf\u00e9s e refeit\u00f3rios<\/div>\n<div>&#8211; Hall e foyers<\/div>\n<div>&#8211; Recep\u00e7\u00f5es<\/div>\n<div>&#8211; Salas de reuni\u00e3o<\/div>\n<div>&#8211; Salas de treinamento<\/div>\n<div>&#8211; V\u00eddeoconfer\u00eancia<\/div>\n<div><\/div>\n<div>\n<h3>Resid\u00eancias e Condom\u00ednios:<\/h3>\n<\/div>\n<div><\/div>\n<div>&#8211; Dormit\u00f3rios<\/div>\n<div>&#8211; Quartos de beb\u00ea<\/div>\n<div>&#8211; Sal\u00f5es de festas<\/div>\n<div>&#8211; Sal\u00f5es de jogos<\/div>\n<div>&#8211; Brinquedoteca<\/div>\n<div>&#8211; Espa\u00e7o Gourmet<\/div>\n<div>&#8211; Academia<\/div>\n<div>&#8211; Home theater<\/div>\n<div>&#8211; Home office<\/div>\n<div><\/div>\n<div>\n<div>\n<h3>Tabela de Caracter\u00edsticas<\/h3>\n<\/div>\n<div><\/div>\n<div>\n<table class=\"table table-page table-variants perform product-table footable phone breakpoint footable-loaded\">\n<thead>\n<tr>\n<th class=\"toggle footable-visible footable-first-column\" data-priority=\"1\"><\/th>\n<th class=\"footable-visible\" data-priority=\"2\">Modelo \/ Espessura<\/th>\n<th class=\"footable-visible\" data-priority=\"3\">Dimens\u00f5es<\/th>\n<th class=\"footable-visible\" data-priority=\"4\">Densidade<\/th>\n<th class=\"footable-visible\" data-priority=\"6\">Peso<\/th>\n<th class=\"footable-visible footable-last-column\" data-priority=\"8\">Borda<\/th>\n<\/tr>\n<\/thead>\n<tbody>\n<tr class=\"\">\n<td class=\"toggle footable-visible footable-first-column\"><\/td>\n<td class=\"footable-visible\">PAINEL WALLFELT 4+ 50mm<\/td>\n<td class=\"footable-visible\">1,20 x 0,6 m<\/td>\n<td class=\"footable-visible\">&#8211;<\/td>\n<td class=\"footable-visible\">&#8211;<\/td>\n<td class=\"footable-visible footable-last-column\">&#8211;<\/td>\n<\/tr>\n<tr>\n<td class=\"toggle footable-visible footable-first-column\"><\/td>\n<td class=\"footable-visible\">WALLFELT 4+ 50mm<\/td>\n<td class=\"footable-visible\">1,20 x 12,5 m<\/td>\n<td class=\"footable-visible\">&#8211;<\/td>\n<td class=\"footable-visible\">&#8211;<\/td>\n<td class=\"footable-visible footable-last-column\">&#8211;<\/td>\n<\/tr>\n<tr>\n<td class=\"toggle footable-visible footable-first-column\"><\/td>\n<td class=\"footable-visible\">WALLFELT 4+ 70mm<\/td>\n<td class=\"footable-visible\">1,20 x 12,5 m<\/td>\n<td class=\"footable-visible\">&#8211;<\/td>\n<td class=\"footable-visible\">&#8211;<\/td>\n<td class=\"footable-visible footable-last-column\">&#8211;<\/td>\n<\/tr>\n<tr>\n<td class=\"toggle footable-visible footable-first-column\"><\/td>\n<td class=\"footable-visible\">WALLFELT 4+ 100mm<\/td>\n<td class=\"footable-visible\">1,20 x 7,5 m<\/td>\n<td class=\"footable-visible\">&#8211;<\/td>\n<td class=\"footable-visible\">&#8211;<\/td>\n<td class=\"footable-visible footable-last-column\">&#8211;<\/td>\n<\/tr>\n<\/tbody>\n<\/table>\n<\/div>\n<div><\/div>\n<div>\n<h3>Performance T\u00e9rmica<\/h3>\n<\/div>\n<\/div>\n<div><\/div>\n<div>\n<table class=\"table table-page table-variants perform product-table phone footable footable-loaded\">\n<thead>\n<tr>\n<th data-priority=\"3\">Modelo \/ Espessura<\/th>\n<th data-priority=\"4\">Massa Superficial<\/th>\n<th data-priority=\"5\">Isola\u00e7\u00e3o<\/th>\n<\/tr>\n<\/thead>\n<tbody>\n<tr class=\"\">\n<td class=\"\">Bloco de concreto 180mm<\/td>\n<td class=\"\">121 Kg\/m\u00b2<\/td>\n<td class=\"\">43 dB<\/td>\n<\/tr>\n<tr>\n<td class=\"\">Parede dupla 98mm<\/td>\n<td class=\"\">43 Kg\/m\u00b2<\/td>\n<td class=\"\">50 dB<\/td>\n<\/tr>\n<tr>\n<td class=\"\">Bloco Cer\u00e2mico 100mm<\/td>\n<td class=\"\">133 Kg\/m\u00b2<\/td>\n<td class=\"\">38 dB<\/td>\n<\/tr>\n<tr>\n<td class=\"\">Parede simples 73mm<\/td>\n<td class=\"\">24 Kg\/m\u00b2<\/td>\n<td class=\"\">43 dB<\/td>\n<\/tr>\n<\/tbody>\n<\/table>\n<\/div>\n<div>\n<h3>Performance Ac\u00fastica<\/h3>\n<\/div>\n<div><\/div>\n<div>\n<table class=\"table table-page table-variants perform product-table tablet footable footable-loaded\">\n<thead>\n<tr>\n<th data-priority=\"3\">Modelo \/ Espessura<\/th>\n<th data-priority=\"4\">Massa Superficial<\/th>\n<th data-priority=\"5\">Isola\u00e7\u00e3o<\/th>\n<\/tr>\n<\/thead>\n<tbody>\n<tr class=\"\">\n<td class=\"\">Bloco de concreto 180mm<\/td>\n<td class=\"\">121 Kg\/m\u00b2<\/td>\n<td class=\"\">43 dB<\/td>\n<\/tr>\n<tr>\n<td class=\"\">Parede dupla 98mm<\/td>\n<td class=\"\">43 Kg\/m\u00b2<\/td>\n<td class=\"\">50 dB<\/td>\n<\/tr>\n<tr>\n<td class=\"\">Bloco Cer\u00e2mico 100mm<\/td>\n<td class=\"\">133 Kg\/m\u00b2<\/td>\n<td class=\"\">38 dB<\/td>\n<\/tr>\n<tr>\n<td class=\"\">Parede simples 73mm<\/td>\n<td class=\"\">24 Kg\/m\u00b2<\/td>\n<td class=\"\">43 dB<\/td>\n<\/tr>\n<\/tbody>\n<\/table>\n<\/div>\n","protected":false},"excerpt":{"rendered":"<p>[vc_btn title=&#8221;Solicitar Or\u00e7amento&#8221; style=&#8221;3d&#8221; color=&#8221;info&#8221; size=&#8221;lg&#8221; link=&#8221;url:http%3A%2F%2Frainhadogesso.com.br%2Fcatalogo%2Fsolicitar-orcamento|||&#8221;]<\/p>\n","protected":false},"featured_media":26971,"comment_status":"open","ping_status":"closed","template":"","meta":[],"_links":{"self":[{"href":"https:\/\/rainhadogesso.com.br\/catalogo\/wp-json\/wp\/v2\/product\/26970"}],"collection":[{"href":"https:\/\/rainhadogesso.com.br\/catalogo\/wp-json\/wp\/v2\/product"}],"about":[{"href":"https:\/\/rainhadogesso.com.br\/catalogo\/wp-json\/wp\/v2\/types\/product"}],"replies":[{"embeddable":true,"href":"https:\/\/rainhadogesso.com.br\/catalogo\/wp-json\/wp\/v2\/comments?post=26970"}],"wp:featuredmedia":[{"embeddable":true,"href":"https:\/\/rainhadogesso.com.br\/catalogo\/wp-json\/wp\/v2\/media\/26971"}],"wp:attachment":[{"href":"https:\/\/rainhadogesso.com.br\/catalogo\/wp-json\/wp\/v2\/media?parent=26970"}],"curies":[{"name":"wp","href":"https:\/\/api.w.org\/{rel}","templated":true}]}}