{"id":26972,"date":"2022-08-02T10:58:17","date_gmt":"2022-08-02T13:58:17","guid":{"rendered":"https:\/\/rainhadogesso.com.br\/catalogo\/?post_type=product&#038;p=26972"},"modified":"2022-11-11T10:49:34","modified_gmt":"2022-11-11T13:49:34","slug":"optima-parede","status":"publish","type":"product","link":"https:\/\/rainhadogesso.com.br\/catalogo\/shop\/sistema-drywall\/optima-parede\/","title":{"rendered":"OPTIMA PAREDE"},"content":{"rendered":"<div>A linha ISOVER Optima Parede \u00e9 uma solu\u00e7\u00e3o para tratamento ac\u00fastico e t\u00e9rmico de constru\u00e7\u00f5es em alvenaria.<\/div>\n<div><\/div>\n<div>Ela foi desenvolvida para aplica\u00e7\u00f5es de contra-parede, sendo composta por pain\u00e9is de l\u00e3 de vidro aglomerada com resinas sint\u00e9ticas para isolamento termoac\u00fastico de ambientes.<\/div>\n<div><\/div>\n<div>Optima Parede funciona como uma barreira de som e calor acoplada \u00e0 parede de alvenaria, que protege o ambiente do calor externo e de barulhos, como ru\u00eddos de carros, avi\u00f5es, latidos, etc.<\/div>\n<div><\/div>\n<div>O painel \u00e9 revestido em papel Kraft pardo, com demarca\u00e7\u00f5es de medidas, o que facilita sua instala\u00e7\u00e3o.<\/div>\n<div><\/div>\n<div>Optima Parede \u00e9 a solu\u00e7\u00e3o para quem precisa isolar barulhos e melhorar a temperatura interna de constru\u00e7\u00f5es em alvenaria.<\/div>\n<div><\/div>\n<div>Vantagens:<\/div>\n<div><\/div>\n<div>\n<h2>Conforto Ac\u00fastico<\/h2>\n<\/div>\n<div>A linha de l\u00e3 de vidro ISOVER Optima Parede isola o ambiente de ru\u00eddos externos, trazendo conforto ac\u00fastico. Al\u00e9m disso, os pain\u00e9is protegem o ambiente da insola\u00e7\u00e3o e radia\u00e7\u00e3o direta, funcionando como uma barreira de calor, o que deixa o ambiente ainda mais confort\u00e1vel.<\/div>\n<div><\/div>\n<div>\n<h2>Sustentabilidade<\/h2>\n<\/div>\n<div>A ISOVER est\u00e1 constantemente preocupada em aprimorar seus processos produtivos e busca melhorar a cada dia sua performance ambiental na produ\u00e7\u00e3o de Optima Parede. O isolamento t\u00e9rmico provocado pelos pain\u00e9is Optima Parede contribui para a economia de energia no uso de ar-condicionado.<\/div>\n<div><\/div>\n<div>\n<h2>Alta resist\u00eancia<\/h2>\n<\/div>\n<div>Optima Parede n\u00e3o deteriora ou apodrece, al\u00e9m de ter \u00f3tima estabilidade dimensional, sendo resistente \u00e0s mudan\u00e7as de temperatura ao longo do tempo.<\/div>\n<div><\/div>\n<div>F\u00e1cil instala\u00e7\u00e3o<\/div>\n<div>A facilidade de encaixe e corte dos pain\u00e9is simplifica a instala\u00e7\u00e3o, que deve ser feita com perfis F530 e fechadas com chapas de gesso.<\/div>\n<div><\/div>\n<div>Onde utilizar:<\/div>\n<div>Os pain\u00e9is Optima Parede s\u00e3o indicados para locais constru\u00eddos em alvenaria que precisam garantir sigilo e privacidade de seus ocupantes.<\/div>\n<div><\/div>\n<div>Propriedades t\u00e9cnicas:<\/div>\n<div><\/div>\n<div>Aplica\u00e7\u00f5es<\/div>\n<div><\/div>\n<div>A aplica\u00e7\u00e3o dos pain\u00e9is da linha Optima Parede \u00e9 feita com perfis F530 e fechada em chapas de gesso. Os pain\u00e9is devem ser aplicados em paredes de alvenaria em constru\u00e7\u00e3o ou j\u00e1 constru\u00eddas, internas ou externas (na face interna).<\/div>\n<div><\/div>\n<div><\/div>\n<div>\n<h3>Ambientes ac\u00fasticos:<\/h3>\n<\/div>\n<div><\/div>\n<div>&#8211; Audit\u00f3rios<\/div>\n<div>&#8211; Bares e restaurantes<\/div>\n<div>&#8211; Casas noturnas<\/div>\n<div>&#8211; Bibliotecas<\/div>\n<div>&#8211; Est\u00fadios de grava\u00e7\u00e3o<\/div>\n<div>&#8211; Hospitais e cl\u00ednicas<\/div>\n<div>&#8211; Igrejas e templos<\/div>\n<div>&#8211; Institu\u00e7\u00f5es de ensino<\/div>\n<div>&#8211; Shopping centers<\/div>\n<div><\/div>\n<div>\n<h3>Ambientes corporativos:<\/h3>\n<\/div>\n<div><\/div>\n<div>&#8211; Escrit\u00f3rios<\/div>\n<div>&#8211; Audit\u00f3rios<\/div>\n<div>&#8211; Call centers<\/div>\n<div>&#8211; Caf\u00e9s e refeit\u00f3rios<\/div>\n<div>&#8211; Hall e foyers<\/div>\n<div>&#8211; Recep\u00e7\u00f5es<\/div>\n<div>&#8211; Salas de reuni\u00e3o<\/div>\n<div>&#8211; Salas de treinamento<\/div>\n<div>&#8211; V\u00eddeoconfer\u00eancia<\/div>\n<div><\/div>\n<div>\n<h3>Resid\u00eancias e Condom\u00ednios:<\/h3>\n<\/div>\n<div><\/div>\n<div>&#8211; Dormit\u00f3rios<\/div>\n<div>&#8211; Quartos de beb\u00ea<\/div>\n<div>&#8211; Sal\u00f5es de festas<\/div>\n<div>&#8211; Sal\u00f5es de jogos<\/div>\n<div>&#8211; Brinquedoteca<\/div>\n<div>&#8211; Espa\u00e7o Gourmet<\/div>\n<div>&#8211; Academia<\/div>\n<div>&#8211; Home theater<\/div>\n<div>&#8211; Home office<\/div>\n<div><\/div>\n<div>\n<div>\n<h3>Tabela de Caracter\u00edsticas<\/h3>\n<\/div>\n<div><\/div>\n<div>\n<table class=\"table table-page table-variants perform product-table footable phone breakpoint footable-loaded\">\n<thead>\n<tr>\n<th class=\"toggle footable-visible footable-first-column\" data-priority=\"1\"><\/th>\n<th class=\"footable-visible\" data-priority=\"2\">Modelo \/ Espessura<\/th>\n<th class=\"footable-visible\" data-priority=\"3\">Dimens\u00f5es<\/th>\n<th class=\"footable-visible\" data-priority=\"4\">Densidade<\/th>\n<th class=\"footable-visible\" data-priority=\"6\">Peso<\/th>\n<th class=\"footable-visible footable-last-column\" data-priority=\"8\">Borda<\/th>\n<\/tr>\n<\/thead>\n<tbody>\n<tr class=\"\">\n<td class=\"toggle footable-visible footable-first-column\"><\/td>\n<td class=\"footable-visible\">OPTIMA PAREDE 20mm<\/td>\n<td class=\"footable-visible\">1,35 x 0,6m<\/td>\n<td class=\"footable-visible\">&#8211;<\/td>\n<td class=\"footable-visible\">&#8211;<\/td>\n<td class=\"footable-visible footable-last-column\">&#8211;<\/td>\n<\/tr>\n<\/tbody>\n<\/table>\n<\/div>\n<div><\/div>\n<div>\n<h3>Performance T\u00e9rmica<\/h3>\n<\/div>\n<\/div>\n<div><\/div>\n<div>\n<table class=\"table table-page table-variants perform product-table phone footable footable-loaded\">\n<thead>\n<tr>\n<th data-priority=\"1\">Material<\/th>\n<th data-priority=\"5\">Resist\u00eancia T\u00e9rmica (RT)<\/th>\n<th data-priority=\"6\">Condutividade T\u00e9rmica<\/th>\n<\/tr>\n<\/thead>\n<tbody>\n<tr class=\"\">\n<td class=\"\">OPTIMA PAREDE 20mm<\/td>\n<td class=\"\">0,53m\u00b2 \u00baC\/W<\/td>\n<td class=\"\">0,038 W\/m \u00baC<\/td>\n<\/tr>\n<\/tbody>\n<\/table>\n<\/div>\n<div><\/div>\n<div><\/div>\n<div>\n<h3>Performance Ac\u00fastica<\/h3>\n<\/div>\n<div><\/div>\n<div>\n<table class=\"table table-page table-variants perform product-table phone footable footable-loaded\">\n<thead>\n<tr>\n<th data-priority=\"2\">Material<\/th>\n<th data-priority=\"7\">Performance ac\u00fastica (RW) sem l\u00e3 de vidro<\/th>\n<th data-priority=\"8\">Performance ac\u00fastica (RW) com l\u00e3 de vidro 20mm + chapa gesso 12,5mm<\/th>\n<th data-priority=\"9\">Melhoria percept\u00edvel<\/th>\n<\/tr>\n<\/thead>\n<tbody>\n<tr class=\"\">\n<td class=\"\">Bloco de concreto 18mm<\/td>\n<td class=\"\">41 dB<\/td>\n<td class=\"\">55 dB<\/td>\n<td class=\"\">+75%<\/td>\n<\/tr>\n<tr>\n<td class=\"\">Bloco de concreto 8mm<\/td>\n<td class=\"\">43 dB<\/td>\n<td class=\"\">52 dB<\/td>\n<td class=\"\">66%<\/td>\n<\/tr>\n<tr>\n<td class=\"\">Bloco Cer\u00e2mico vazado 20cm<\/td>\n<td class=\"\">44 dB<\/td>\n<td class=\"\">55 dB<\/td>\n<td class=\"\">71%<\/td>\n<\/tr>\n<tr>\n<td class=\"\">Bloco Cer\u00e2mico vazado 15cm<\/td>\n<td class=\"\">41 dB<\/td>\n<td class=\"\">51 dB<\/td>\n<td class=\"\">68%<\/td>\n<\/tr>\n<tr>\n<td class=\"\">Bloco Cer\u00e2mico vazado 10cm<\/td>\n<td class=\"\">38 dB<\/td>\n<td class=\"\">51 dB<\/td>\n<td class=\"\">75%<\/td>\n<\/tr>\n<\/tbody>\n<\/table>\n<\/div>\n","protected":false},"excerpt":{"rendered":"<p>[vc_btn title=&#8221;Solicitar Or\u00e7amento&#8221; style=&#8221;3d&#8221; color=&#8221;info&#8221; size=&#8221;lg&#8221; link=&#8221;url:http%3A%2F%2Frainhadogesso.com.br%2Fcatalogo%2Fsolicitar-orcamento|||&#8221;]<\/p>\n","protected":false},"featured_media":26973,"comment_status":"open","ping_status":"closed","template":"","meta":[],"_links":{"self":[{"href":"https:\/\/rainhadogesso.com.br\/catalogo\/wp-json\/wp\/v2\/product\/26972"}],"collection":[{"href":"https:\/\/rainhadogesso.com.br\/catalogo\/wp-json\/wp\/v2\/product"}],"about":[{"href":"https:\/\/rainhadogesso.com.br\/catalogo\/wp-json\/wp\/v2\/types\/product"}],"replies":[{"embeddable":true,"href":"https:\/\/rainhadogesso.com.br\/catalogo\/wp-json\/wp\/v2\/comments?post=26972"}],"wp:featuredmedia":[{"embeddable":true,"href":"https:\/\/rainhadogesso.com.br\/catalogo\/wp-json\/wp\/v2\/media\/26973"}],"wp:attachment":[{"href":"https:\/\/rainhadogesso.com.br\/catalogo\/wp-json\/wp\/v2\/media?parent=26972"}],"curies":[{"name":"wp","href":"https:\/\/api.w.org\/{rel}","templated":true}]}}