{"id":26974,"date":"2022-08-02T11:06:47","date_gmt":"2022-08-02T14:06:47","guid":{"rendered":"https:\/\/rainhadogesso.com.br\/catalogo\/?post_type=product&#038;p=26974"},"modified":"2022-11-11T10:49:22","modified_gmt":"2022-11-11T13:49:22","slug":"optima-parede-2","status":"publish","type":"product","link":"https:\/\/rainhadogesso.com.br\/catalogo\/shop\/sistema-drywall\/optima-parede-2\/","title":{"rendered":"OPTIMA PAREDE"},"content":{"rendered":"<div>A linha ISOVER Optima Forro \u00e9 uma solu\u00e7\u00e3o para isolamento termoac\u00fastico feita para diminuir a troca de calor entre ambientes e a passagem de ru\u00eddos entre apartamentos e casas geminadas.<\/div>\n<div><\/div>\n<div>Os pain\u00e9is Optima Forro foram desenvolvidos para serem utilizados em lajes de concreto em constru\u00e7\u00e3o ou j\u00e1 constru\u00eddas.<\/div>\n<div><\/div>\n<div>A fun\u00e7\u00e3o do painel \u00e9 dificultar a passagem de calor e ru\u00eddos vindos da laje para o ambiente, o que torna o local mais confort\u00e1vel.<\/div>\n<div><\/div>\n<div>A linha \u00e9 composta por pain\u00e9is de l\u00e3 de vidro aglomerada por resina sint\u00e9tica revestidos com papel Kraft pardo, com medidas demarcadas.<\/div>\n<div><\/div>\n<div>Optima Forro \u00e9 a solu\u00e7\u00e3o em isolamento termoac\u00fastico para quem quer garantir privacidade e conforto em ambientes residenciais e comerciais que compartilham laje.<\/div>\n<div><\/div>\n<div>Vantagens:<\/div>\n<div><\/div>\n<div>\n<h2>Conforto Ac\u00fastico<\/h2>\n<\/div>\n<div>Optima Forro promove o conforto ac\u00fastico e t\u00e9rmico ao tratar ru\u00eddos e facilitar a manuten\u00e7\u00e3o da temperatura em ambientes climatizados.<\/div>\n<div><\/div>\n<div>\n<h2>Sustentabilidade<\/h2>\n<\/div>\n<div>A constante busca por um melhor desempenho ambiental faz com que a ISOVER reveja constantemente seus processos produtivos e trabalhe para gerar melhor performance dos seus produtos. Assim, Optima Forro faz parte da composi\u00e7\u00e3o do isolamento de ambientes, ajudando a manter a temperatura interna e reduzindo o gasto de eletricidade com o uso de ar-condicionado.<\/div>\n<div><\/div>\n<div>\n<h2>Seguran\u00e7a<\/h2>\n<\/div>\n<div>A ISOVER procura sempre elevar o grau de seguran\u00e7a de seus produtos. Optima Forro tem resist\u00eancia ao fogo, o que reduz riscos de propaga\u00e7\u00e3o de chamas em caso de inc\u00eandio.<\/div>\n<div><\/div>\n<div>\n<h2>Alta resist\u00eancia<\/h2>\n<\/div>\n<div>Optima Forro \u00e9 bastante resistente \u00e0s a\u00e7\u00f5es do tempo, pois n\u00e3o \u00e9 vulner\u00e1vel a fungos e bact\u00e9rias e \u00e0s varia\u00e7\u00f5es de temperatura.<\/div>\n<div><\/div>\n<div>F\u00e1cil instala\u00e7\u00e3o<\/div>\n<div>Os pain\u00e9is Optima Forro s\u00e3o extremamente f\u00e1ceis de aplicar e recortar, o que facilita a instala\u00e7\u00e3o.<\/div>\n<div><\/div>\n<div>Onde utilizar:<\/div>\n<div><\/div>\n<div>Optima Forro \u00e9 indicado para isolar lajes de ambientes que precisam isolar ru\u00eddos e melhorar a manuten\u00e7\u00e3o da temperatura interna.<\/div>\n<div><\/div>\n<div>Propriedades t\u00e9cnicas:<\/div>\n<div><\/div>\n<div>Aplica\u00e7\u00f5es<\/div>\n<div><\/div>\n<div>A aplica\u00e7\u00e3o dos pain\u00e9is da linha ISOVER Optima Forro \u00e9 feita com perfis F530 e fechada em forro estruturado de gesso. Os pain\u00e9is ISOVER Optima Forro devem ser aplicados para o tratamento t\u00e9rmico e ac\u00fastico de lajes de concreto em constru\u00e7\u00e3o ou finalizadas.<\/div>\n<div><\/div>\n<div>\n<h3>Ambientes ac\u00fasticos:<\/h3>\n<\/div>\n<div><\/div>\n<div>&#8211; Audit\u00f3rios<\/div>\n<div>&#8211; Bares e restaurantes<\/div>\n<div>&#8211; Casas noturnas<\/div>\n<div>&#8211; Bibliotecas<\/div>\n<div>&#8211; Est\u00fadios de grava\u00e7\u00e3o<\/div>\n<div>&#8211; Hospitais e cl\u00ednicas<\/div>\n<div>&#8211; Igrejas e templos<\/div>\n<div>&#8211; Institui\u00e7\u00f5es de ensino<\/div>\n<div>&#8211; Shopping centers<\/div>\n<div><\/div>\n<div>\n<h3>Ambientes corporativos:<\/h3>\n<\/div>\n<div><\/div>\n<div>&#8211; Escrit\u00f3rios<\/div>\n<div>&#8211; Audit\u00f3rios<\/div>\n<div>&#8211; Call centers<\/div>\n<div>&#8211; Caf\u00e9s e refeit\u00f3rios<\/div>\n<div>&#8211; Hall e foyers<\/div>\n<div>&#8211; Recep\u00e7\u00f5es<\/div>\n<div>&#8211; Salas de reuni\u00e3o<\/div>\n<div>&#8211; Salas de treinamento<\/div>\n<div>&#8211; V\u00eddeoconfer\u00eancia<\/div>\n<div><\/div>\n<div>\n<h3>Resid\u00eancias e Condom\u00ednios:<\/h3>\n<\/div>\n<div><\/div>\n<div>&#8211; Dormit\u00f3rios<\/div>\n<div>&#8211; Quartos de beb\u00ea<\/div>\n<div>&#8211; Sal\u00f5es de festas<\/div>\n<div>&#8211; Sal\u00f5es de jogos<\/div>\n<div>&#8211; Brinquedoteca<\/div>\n<div>&#8211; Espa\u00e7o Gourmet<\/div>\n<div>&#8211; Academia<\/div>\n<div>&#8211; Home theater<\/div>\n<div>&#8211; Home office<\/div>\n<div><\/div>\n<div>\n<div>Tabela de Caracter\u00edsticas<\/div>\n<div><\/div>\n<div>\n<table class=\"table table-page table-variants perform product-table footable phone breakpoint footable-loaded\">\n<thead>\n<tr>\n<th class=\"toggle footable-visible footable-first-column\" data-priority=\"1\"><\/th>\n<th class=\"footable-visible\" data-priority=\"2\">Modelo \/ Espessura<\/th>\n<th class=\"footable-visible\" data-priority=\"3\">Dimens\u00f5es<\/th>\n<th class=\"footable-visible\" data-priority=\"4\">Densidade<\/th>\n<th class=\"footable-visible\" data-priority=\"6\">Peso<\/th>\n<th class=\"footable-visible footable-last-column\" data-priority=\"8\">Borda<\/th>\n<\/tr>\n<\/thead>\n<tbody>\n<tr class=\"\">\n<td class=\"toggle footable-visible footable-first-column\"><\/td>\n<td class=\"footable-visible\">OPTIMA FORRO 20mm<\/td>\n<td class=\"footable-visible\">1,35 x 0,6m<\/td>\n<td class=\"footable-visible\">&#8211;<\/td>\n<td class=\"footable-visible\">&#8211;<\/td>\n<td class=\"footable-visible footable-last-column\">&#8211;<\/td>\n<\/tr>\n<\/tbody>\n<\/table>\n<\/div>\n<div><\/div>\n<div>Performance T\u00e9rmica<\/div>\n<div><\/div>\n<div>\n<table class=\"table table-page table-variants perform product-table phone footable footable-loaded\">\n<thead>\n<tr>\n<th data-priority=\"1\">Material<\/th>\n<th data-priority=\"5\">Resist\u00eancia T\u00e9rmica (RT)<\/th>\n<th data-priority=\"6\">Condutividade T\u00e9rmica<\/th>\n<\/tr>\n<\/thead>\n<tbody>\n<tr class=\"\">\n<td class=\"\">OPTIMA FORRO 20mm<\/td>\n<td class=\"\">0,53m\u00b2 \u00baC\/W<\/td>\n<td class=\"\">0,038 w\/\u00baC<\/td>\n<\/tr>\n<\/tbody>\n<\/table>\n<\/div>\n<div><\/div>\n<div>Performance Ac\u00fastica<\/div>\n<\/div>\n<div><\/div>\n<div>\n<table class=\"table table-page table-variants perform product-table phone footable footable-loaded\">\n<thead>\n<tr>\n<th data-priority=\"2\">Material<\/th>\n<th data-priority=\"6\">Performance ac\u00fastica (RW)<\/th>\n<\/tr>\n<\/thead>\n<tbody>\n<tr class=\"\">\n<td class=\"\">OPTIMA FORRO 20mm + Chapa de gesso de 12,5mm<\/td>\n<td class=\"\">38 dB<\/td>\n<\/tr>\n<\/tbody>\n<\/table>\n<\/div>\n","protected":false},"excerpt":{"rendered":"<p>[vc_btn title=&#8221;Solicitar Or\u00e7amento&#8221; style=&#8221;3d&#8221; color=&#8221;info&#8221; size=&#8221;lg&#8221; link=&#8221;url:http%3A%2F%2Frainhadogesso.com.br%2Fcatalogo%2Fsolicitar-orcamento|||&#8221;]<\/p>\n","protected":false},"featured_media":26975,"comment_status":"open","ping_status":"closed","template":"","meta":[],"_links":{"self":[{"href":"https:\/\/rainhadogesso.com.br\/catalogo\/wp-json\/wp\/v2\/product\/26974"}],"collection":[{"href":"https:\/\/rainhadogesso.com.br\/catalogo\/wp-json\/wp\/v2\/product"}],"about":[{"href":"https:\/\/rainhadogesso.com.br\/catalogo\/wp-json\/wp\/v2\/types\/product"}],"replies":[{"embeddable":true,"href":"https:\/\/rainhadogesso.com.br\/catalogo\/wp-json\/wp\/v2\/comments?post=26974"}],"wp:featuredmedia":[{"embeddable":true,"href":"https:\/\/rainhadogesso.com.br\/catalogo\/wp-json\/wp\/v2\/media\/26975"}],"wp:attachment":[{"href":"https:\/\/rainhadogesso.com.br\/catalogo\/wp-json\/wp\/v2\/media?parent=26974"}],"curies":[{"name":"wp","href":"https:\/\/api.w.org\/{rel}","templated":true}]}}