{"id":26976,"date":"2022-08-02T11:08:31","date_gmt":"2022-08-02T14:08:31","guid":{"rendered":"https:\/\/rainhadogesso.com.br\/catalogo\/?post_type=product&#038;p=26976"},"modified":"2022-11-11T10:49:09","modified_gmt":"2022-11-11T13:49:09","slug":"la-de-pet-isolante-para-sistema-drywall","status":"publish","type":"product","link":"https:\/\/rainhadogesso.com.br\/catalogo\/shop\/sistema-drywall\/la-de-pet-isolante-para-sistema-drywall\/","title":{"rendered":"L\u00c3 DE PET &#8211; ISOLANTE PARA SISTEMA DRYWALL"},"content":{"rendered":"<div>A l\u00e3 de PET WALL da Trisoft \u00e9 um produto desenvolvido especialmente para o isolamento t\u00e9rmico e absor\u00e7\u00e3o ac\u00fastica nas paredes dos sistemas de constru\u00e7\u00e3o a seco. A sua utiliza\u00e7\u00e3o \u00e9 fundamental para potencializar e melhorar o desempenho ac\u00fastico dos ambientes internos. O WALL pontua nos processos de certifica\u00e7\u00f5es sustent\u00e1veis das edifica\u00e7\u00f5es.<\/div>\n<div><\/div>\n<div>\n<h2>Vantagens:<\/h2>\n<\/div>\n<div><\/div>\n<div>&#8211; Isolante t\u00e9rmico<\/div>\n<div>&#8211; Isolante ac\u00fastico<\/div>\n<div>&#8211; 100% recicl\u00e1vel<\/div>\n<div>&#8211; Fabricado com l\u00e3 de PET<\/div>\n<div>&#8211; Auto extingu\u00edvel<\/div>\n<div>&#8211; F\u00e1cil de instala<\/div>\n<div>&#8211; N\u00e3o mofa com umidade<\/div>\n<div>&#8211; F\u00e1cil de transportar<\/div>\n<div><\/div>\n<div>\n<h2>Caracter\u00edsticas:<\/h2>\n<\/div>\n<div><img loading=\"lazy\" class=\"alignnone size-full wp-image-26977\" src=\"https:\/\/rainhadogesso.com.br\/catalogo\/wp-content\/uploads\/2022\/08\/download.png\" alt=\"\" width=\"638\" height=\"703\" srcset=\"https:\/\/rainhadogesso.com.br\/catalogo\/wp-content\/uploads\/2022\/08\/download.png 638w, https:\/\/rainhadogesso.com.br\/catalogo\/wp-content\/uploads\/2022\/08\/download-272x300.png 272w, https:\/\/rainhadogesso.com.br\/catalogo\/wp-content\/uploads\/2022\/08\/download-600x661.png 600w\" sizes=\"(max-width: 638px) 100vw, 638px\" \/><\/div>\n<div><\/div>\n<div>Especifica\u00e7\u00f5es<img loading=\"lazy\" class=\"alignnone size-full wp-image-26978\" src=\"https:\/\/rainhadogesso.com.br\/catalogo\/wp-content\/uploads\/2022\/08\/ss.png\" alt=\"\" width=\"844\" height=\"225\" srcset=\"https:\/\/rainhadogesso.com.br\/catalogo\/wp-content\/uploads\/2022\/08\/ss.png 844w, https:\/\/rainhadogesso.com.br\/catalogo\/wp-content\/uploads\/2022\/08\/ss-300x80.png 300w, https:\/\/rainhadogesso.com.br\/catalogo\/wp-content\/uploads\/2022\/08\/ss-768x205.png 768w, https:\/\/rainhadogesso.com.br\/catalogo\/wp-content\/uploads\/2022\/08\/ss-600x160.png 600w\" sizes=\"(max-width: 844px) 100vw, 844px\" \/><\/div>\n<div><\/div>\n","protected":false},"excerpt":{"rendered":"<p>[vc_btn title=&#8221;Solicitar Or\u00e7amento&#8221; style=&#8221;3d&#8221; color=&#8221;info&#8221; size=&#8221;lg&#8221; link=&#8221;url:http%3A%2F%2Frainhadogesso.com.br%2Fcatalogo%2Fsolicitar-orcamento|||&#8221;]<\/p>\n","protected":false},"featured_media":27078,"comment_status":"open","ping_status":"closed","template":"","meta":[],"_links":{"self":[{"href":"https:\/\/rainhadogesso.com.br\/catalogo\/wp-json\/wp\/v2\/product\/26976"}],"collection":[{"href":"https:\/\/rainhadogesso.com.br\/catalogo\/wp-json\/wp\/v2\/product"}],"about":[{"href":"https:\/\/rainhadogesso.com.br\/catalogo\/wp-json\/wp\/v2\/types\/product"}],"replies":[{"embeddable":true,"href":"https:\/\/rainhadogesso.com.br\/catalogo\/wp-json\/wp\/v2\/comments?post=26976"}],"wp:featuredmedia":[{"embeddable":true,"href":"https:\/\/rainhadogesso.com.br\/catalogo\/wp-json\/wp\/v2\/media\/27078"}],"wp:attachment":[{"href":"https:\/\/rainhadogesso.com.br\/catalogo\/wp-json\/wp\/v2\/media?parent=26976"}],"curies":[{"name":"wp","href":"https:\/\/api.w.org\/{rel}","templated":true}]}}