{"id":26980,"date":"2022-08-02T11:11:33","date_gmt":"2022-08-02T14:11:33","guid":{"rendered":"https:\/\/rainhadogesso.com.br\/catalogo\/?post_type=product&#038;p=26980"},"modified":"2022-11-11T10:48:58","modified_gmt":"2022-11-11T13:48:58","slug":"pa-rock","status":"publish","type":"product","link":"https:\/\/rainhadogesso.com.br\/catalogo\/shop\/sistema-drywall\/pa-rock\/","title":{"rendered":"PA-ROCK"},"content":{"rendered":"<div>\n<div>Os pain\u00e9is PA-ROCK\u00ae s\u00e3o compostos por longas fibras isolantes minerais (rocha), entrela\u00e7adas e aglutinadas com resinas especiais.<\/div>\n<div><\/div>\n<div>Desenvolvidos para o uso na constru\u00e7\u00e3o civil, objetivando a alta atenua\u00e7\u00e3o sonora, estes pain\u00e9is semi-r\u00edgidos, por serem incombust\u00edveis, tamb\u00e9m aumentam a resist\u00eancia da veda\u00e7\u00e3o ao fogo.<\/div>\n<div><\/div>\n<div>\n<h2>Aplica\u00e7\u00e3o:<\/h2>\n<\/div>\n<div><\/div>\n<div>O PA-ROCK\u00ae \u00e9 utilizado como miolo, dentro de paredes e divis\u00f3rias constru\u00eddas em:<\/div>\n<div>&#8211; sistema drywall (gesso acartonado);<\/div>\n<div>&#8211; chapas ciment\u00edcias;<\/div>\n<div>&#8211; madeiras OSB;<\/div>\n<div>&#8211; alvenaria convencional.<\/div>\n<div><\/div>\n<div>\u00c9 tamb\u00e9m empregado sobre forros para melhorar seu desempenho ac\u00fastico.<\/div>\n<div><\/div>\n<div>Propriedades:<\/div>\n<div><\/div>\n<div>\n<h2>Ac\u00fastica:<\/h2>\n<p>redu\u00e7\u00e3o de ru\u00eddos, excelente absor\u00e7\u00e3o ac\u00fastica nas m\u00e9dias e altas freq\u00fc\u00eancias, que s\u00e3o cr\u00edticas para as divis\u00f3rias internas e forros na constru\u00e7\u00e3o civil. Testes realizados em laborat\u00f3rio comprovam uma redu\u00e7\u00e3o sonora de at\u00e9 10 dB nos sistemas drywall, ou seja, 68% superior \u00e0s mesmas paredes sem isolamento.<\/p>\n<\/div>\n<div><\/div>\n<div>Incombust\u00edvel: alta resist\u00eancia ao fogo. Constitu\u00eddos por fibras minerais inorg\u00e2nicas e incombust\u00edveis, os pain\u00e9is PA-ROCK\u00ae aumentam a resist\u00eancia ao fogo em paredes de gesso acartonado (sistema drywall).<\/div>\n<div><\/div>\n<div>\n<h3>Conforto T\u00e9rmico:<\/h3>\n<p>por possuir baixos coeficientes de condutividade t\u00e9rmica, os pain\u00e9is PA-ROCK\u00ae proporcionam conforto t\u00e9rmico, reduzindo a passagem de calor por forros de gesso, madeira, PVC, metal etc.<\/p>\n<\/div>\n<div><\/div>\n<div>\n<h3>F\u00e1cil<br \/>\ninstala\u00e7\u00e3o:<\/h3>\n<p>extremamente leves e auto-portantes, podem ser facilmente cortados com faca para ajustes e acabamentos na obra.<\/p>\n<\/div>\n<div><\/div>\n<div>Tecnologia: Produzido pelo processo Spinning, e com Sistema de Qualidade certificado de acordo com a norma NBR ISO 9001:2000.<\/div>\n<div><\/div>\n<div>Resili\u00eancia: recuperam a espessura original ap\u00f3s a retirada da for\u00e7a que causou a deforma\u00e7\u00e3o.<\/div>\n<div><\/div>\n<div>\n<h3>Resist\u00eancia \u00e0 \u00e1gua:<\/h3>\n<p>a l\u00e3 de rocha THERMAX\u00ae \u00e9 repelente \u00e0 \u00e1gua devido aos aglomerantes adicionados ao produto, preservando as caracter\u00edsticas originais depois de seca.<\/p>\n<\/div>\n<div><\/div>\n<div>Sa\u00fade: material n\u00e3o classific\u00e1vel como cancer\u00edgeno: Grupo 3, segundo classifica\u00e7\u00e3o da IARC (International Agency for Research on Cancer), \u00f3rg\u00e3o sediado em Lyon (Fran\u00e7a), pertencente \u00e0 Organiza\u00e7\u00e3o Mundial de Sa\u00fade (OMS) e subordinado \u00e0 Organiza\u00e7\u00e3o das Na\u00e7\u00f5es Unidas (ONU).<\/div>\n<div><img loading=\"lazy\" class=\"alignnone size-full wp-image-26981\" src=\"https:\/\/rainhadogesso.com.br\/catalogo\/wp-content\/uploads\/2022\/08\/wf.png\" alt=\"\" width=\"515\" height=\"476\" srcset=\"https:\/\/rainhadogesso.com.br\/catalogo\/wp-content\/uploads\/2022\/08\/wf.png 515w, https:\/\/rainhadogesso.com.br\/catalogo\/wp-content\/uploads\/2022\/08\/wf-300x277.png 300w\" sizes=\"(max-width: 515px) 100vw, 515px\" \/><\/div>\n<div><\/div>\n<\/div>\n","protected":false},"excerpt":{"rendered":"<p>[vc_btn title=&#8221;Solicitar Or\u00e7amento&#8221; style=&#8221;3d&#8221; color=&#8221;info&#8221; size=&#8221;lg&#8221; link=&#8221;url:http%3A%2F%2Frainhadogesso.com.br%2Fcatalogo%2Fsolicitar-orcamento|||&#8221;]<\/p>\n","protected":false},"featured_media":26982,"comment_status":"open","ping_status":"closed","template":"","meta":[],"_links":{"self":[{"href":"https:\/\/rainhadogesso.com.br\/catalogo\/wp-json\/wp\/v2\/product\/26980"}],"collection":[{"href":"https:\/\/rainhadogesso.com.br\/catalogo\/wp-json\/wp\/v2\/product"}],"about":[{"href":"https:\/\/rainhadogesso.com.br\/catalogo\/wp-json\/wp\/v2\/types\/product"}],"replies":[{"embeddable":true,"href":"https:\/\/rainhadogesso.com.br\/catalogo\/wp-json\/wp\/v2\/comments?post=26980"}],"wp:featuredmedia":[{"embeddable":true,"href":"https:\/\/rainhadogesso.com.br\/catalogo\/wp-json\/wp\/v2\/media\/26982"}],"wp:attachment":[{"href":"https:\/\/rainhadogesso.com.br\/catalogo\/wp-json\/wp\/v2\/media?parent=26980"}],"curies":[{"name":"wp","href":"https:\/\/api.w.org\/{rel}","templated":true}]}}