{"id":26983,"date":"2022-08-02T11:14:50","date_gmt":"2022-08-02T14:14:50","guid":{"rendered":"https:\/\/rainhadogesso.com.br\/catalogo\/?post_type=product&#038;p=26983"},"modified":"2022-11-11T10:48:46","modified_gmt":"2022-11-11T13:48:46","slug":"bioguard","status":"publish","type":"product","link":"https:\/\/rainhadogesso.com.br\/catalogo\/shop\/forro-removivel\/bioguard\/","title":{"rendered":"BIOGUARD"},"content":{"rendered":"<div>\n<div>\n<div>O forro BIOGUARD Acoustic \u00e9 ideal para salas limpas Classe 100 (ou ISO 5) onde \u00e9 requerido um r\u00edgido controle de part\u00edculas no ambiente, como \u00e1reas hospitalares, laborat\u00f3rios e salas de cirurgias.\u00a0 As placas s\u00e3o revestidas\u00a0 com a\u00a0 membrana Bioguard que t\u00eam um excelente desempenho\u00a0 antimicrobiano\u00a0 contra\u00a0 o\u00a0 crescimento\u00a0 de\u00a0 bact\u00e9rias\u00a0 e\u00a0 \u00e9 acusticamente transparente, garantindo uma boa absor\u00e7\u00e3o do som.<\/div>\n<div><\/div>\n<h2 class=\"product-description\"><em>INFORMA\u00c7\u00d5ES GERAIS<\/em><\/h2>\n<div><\/div>\n<div>Salas\u00a0 limpas\u00a0 classe\u00a0 100\u00a0 (ou\u00a0 ISO\u00a0 5)\u00a0 para\u00a0 uso\u00a0 em: laborat\u00f3rios,\u00a0 cozinhas ind\u00fastrias,\u00a0 salas\u00a0 cir\u00fargicas\u00a0 e\u00a0 \u00e1reas hospitalares\u00a0 com\u00a0 m\u00e9dio\u00a0 ou\u00a0 alto\u00a0 risco\u00a0 de infec\u00e7\u00e3o.<\/div>\n<div><\/div>\n<div>&#8211; Revestimento BioGuard oferece excelente propriedades antibacterianas.<\/div>\n<div>&#8211; Alta reflet\u00e2ncia de luz<\/div>\n<div><\/div>\n<h2 class=\"product-description\"><em>SEGMENTOS ATENDIDOS<\/em><\/h2>\n<div><\/div>\n<div>&#8211; Salas limpas (ambientes com controle de part\u00edculas)<\/div>\n<div>&#8211; Salas de emerg\u00eancia e consult\u00f3rios<\/div>\n<div>&#8211; Salas\u00a0 cir\u00fargicas\u00a0 e\u00a0 \u00e1reas\u00a0 hospitalares\u00a0 com\u00a0 m\u00e9dio\u00a0 ou alto\u00a0 risco\u00a0 de infec\u00e7\u00e3o<\/div>\n<div>&#8211; Laborat\u00f3rios<\/div>\n<div><\/div>\n<h3 class=\"product-description\"><em>CARACTER\u00cdSTICAS<\/em><\/h3>\n<div><\/div>\n<div>Material<\/div>\n<div>Fibra mineral modelada \u00famida com membrana acusticamente transparente<\/div>\n<div><\/div>\n<div>Acabamento de Superf\u00edcie<\/div>\n<div>Tinta vin\u00edlica \u00e0 base de l\u00e1tex aplicada em f\u00e1brica<\/div>\n<div><\/div>\n<div>Fator de Propaga\u00e7\u00e3o de Chama\/Resist\u00eancia ao Fogo<\/div>\n<div>Classe A: Fator de Propaga\u00e7\u00e3o de Chama: 25 ou inferior (Rotulado por UL)<\/div>\n<div><\/div>\n<div>Resist\u00eancia \u00e0 Deforma\u00e7\u00e3o<\/div>\n<div>HumiGuard Plus\u00ae \u2013 resist\u00eancia superior \u00e0 deforma\u00e7\u00e3o em condi\u00e7\u00f5es de alta umidade, excluso ac\u00famulo de \u00e1gua e aplica\u00e7\u00f5es em \u00e1reas externas*<\/div>\n<div>*Resistente a 95% de umidade relativa do ar a uma temperatura de 49\u00baC<\/div>\n<div><\/div>\n<div>Emiss\u00e3o de VOC<\/div>\n<div>Os forros Armstrong foram testados por um laborat\u00f3rio terceirizado, e cumprem os requisitos da noma EM 13964:2004 utilizando os m\u00e9todos de ensaio publicados na ISO 16000-3, ISO 16000-6, ISO 16000-9 e ISO 16000-11.<\/div>\n<div><\/div>\n<div>Antimofo\/ Fungo<\/div>\n<div>BioBlock\u00ae\u00a0 cont\u00e9m\u00a0 um\u00a0 tratamento\u00a0 anti-microbiano\u00a0 que fornece\u00a0 garantia\u00a0 \u00e0 resist\u00eancia e contra o crescimento de fungos\/ mofos.<\/div>\n<div><\/div>\n<div>Coeficiente T\u00e9rmico\u00a0K: 0,06 w\/m\u00b0C<\/div>\n<div><\/div>\n<div>Peso\u00a03,8 kg\/m\u00b2<\/div>\n<div><\/div>\n<div>Sistema de Suspens\u00e3o Recomendado<\/div>\n<div>Perfil Armstrong XL32 de 15\/16&#8243; em a\u00e7o galvanizado em banho quente e costura dupla de f\u00e1brica, com capa de poli\u00e9ster branca e 24mm de base.<\/div>\n<div><\/div>\n<div>Conte\u00fado Reciclado<\/div>\n<div>45%<\/div>\n<div><\/div>\n<div>MEDIDAS<\/div>\n<div>625 x 625 x 17mm<\/div>\n<div><\/div>\n<div>CORES<\/div>\n<div>Branco<\/div>\n<\/div>\n<\/div>\n","protected":false},"excerpt":{"rendered":"<p>[vc_btn title=&#8221;Solicitar Or\u00e7amento&#8221; style=&#8221;3d&#8221; color=&#8221;info&#8221; size=&#8221;lg&#8221; link=&#8221;url:http%3A%2F%2Frainhadogesso.com.br%2Fcatalogo%2Fsolicitar-orcamento|||&#8221;]<\/p>\n","protected":false},"featured_media":26984,"comment_status":"open","ping_status":"closed","template":"","meta":[],"_links":{"self":[{"href":"https:\/\/rainhadogesso.com.br\/catalogo\/wp-json\/wp\/v2\/product\/26983"}],"collection":[{"href":"https:\/\/rainhadogesso.com.br\/catalogo\/wp-json\/wp\/v2\/product"}],"about":[{"href":"https:\/\/rainhadogesso.com.br\/catalogo\/wp-json\/wp\/v2\/types\/product"}],"replies":[{"embeddable":true,"href":"https:\/\/rainhadogesso.com.br\/catalogo\/wp-json\/wp\/v2\/comments?post=26983"}],"wp:featuredmedia":[{"embeddable":true,"href":"https:\/\/rainhadogesso.com.br\/catalogo\/wp-json\/wp\/v2\/media\/26984"}],"wp:attachment":[{"href":"https:\/\/rainhadogesso.com.br\/catalogo\/wp-json\/wp\/v2\/media?parent=26983"}],"curies":[{"name":"wp","href":"https:\/\/api.w.org\/{rel}","templated":true}]}}