{"id":26991,"date":"2022-08-02T11:24:43","date_gmt":"2022-08-02T14:24:43","guid":{"rendered":"https:\/\/rainhadogesso.com.br\/catalogo\/?post_type=product&#038;p=26991"},"modified":"2022-11-11T10:44:42","modified_gmt":"2022-11-11T13:44:42","slug":"forro-acustico-georgian","status":"publish","type":"product","link":"https:\/\/rainhadogesso.com.br\/catalogo\/shop\/forro-removivel\/forro-acustico-georgian\/","title":{"rendered":"FORRO AC\u00daSTICO GEORGIAN"},"content":{"rendered":"<div>\n<div>O forro de Fibra Mineral Armstrong Georgian apresenta uma superf\u00edcie com textura m\u00e9dia e tem uma boa resist\u00eancia a impactos e arranh\u00f5es. \u00c9 econ\u00f4mico e possui uma garantia de 30 anos contra deforma\u00e7\u00f5es vis\u00edveis (HumiGuard Plus) e contra o crescimento de fungos, mofo e bact\u00e9rias (BioBlock Plus), quando usado com perfil de suspens\u00e3o Armstrong.<\/div>\n<div><\/div>\n<div>\n<h2>INFORMA\u00c7\u00d5ES GERAIS<\/h2>\n<\/div>\n<div>&#8211; Econ\u00f4mico e com boa ac\u00fastica<\/div>\n<div>&#8211; Alta reflet\u00e2ncia de luz<\/div>\n<div>&#8211; Alta durabilidade: resistente \u00e0 impactos e arranh\u00f5es<\/div>\n<div>&#8211; Desempenho de resist\u00eancia \u00e0 umidade: HumiGuard\u00ae Plus<\/div>\n<div>&#8211; Pintura BioBlock\u00ae Plus para inibir ou retardar o crescimento de mofos\/fungos e bact\u00e9rias<\/div>\n<div><\/div>\n<div>\n<h3>SEGMENTOS ATENDIDOS<\/h3>\n<\/div>\n<div>&#8211; \u00c1reas comerciais<\/div>\n<div>&#8211; Escrit\u00f3rios<\/div>\n<div>&#8211; Escolas<\/div>\n<div>&#8211; Igrejas<\/div>\n<div>&#8211; Bancos<\/div>\n<div><\/div>\n<div>\n<h2>CARACTER\u00cdSTICAS<\/h2>\n<\/div>\n<div><\/div>\n<div>Material<\/div>\n<div>Fibra mineral modelada \u00famida<\/div>\n<div><\/div>\n<div>Acabamento de Superf\u00edcie<\/div>\n<div>Tinta vin\u00edlica \u00e0 base de l\u00e1tex aplicada em f\u00e1brica<\/div>\n<div><\/div>\n<div>Fator de Propaga\u00e7\u00e3o de Chama \/ Resist\u00eancia ao Fogo<\/div>\n<div>Classe A: Fator de Propaga\u00e7\u00e3o de Chama: 25 ou inferior (Rotulado por UL)<\/div>\n<div><\/div>\n<div>Classifica\u00e7\u00e3o ASTM E 1264<\/div>\n<div>Tipo III, Forma 1, Padr\u00e3o C E<\/div>\n<div><\/div>\n<div>\n<h3>Coeficiente T\u00e9rmico<\/h3>\n<\/div>\n<div>K: 0,053 w\/m \u00b0C<\/div>\n<div><\/div>\n<div>Resist\u00eancia \u00e0 Deforma\u00e7\u00e3o<\/div>\n<div>RH95-49\u00b0 \u2013 resist\u00eancia superior \u00e0 deforma\u00e7\u00e3o em condi\u00e7\u00f5es de alta umidade, excluso ac\u00famulo de \u00e1gua e aplica\u00e7\u00f5es em \u00e1reas externas*.<\/div>\n<div>*Resistente a 95% de umidade relativa do ar a uma temperatura de 49\u00baC.<\/div>\n<div><\/div>\n<div>Emiss\u00e3o de VOC<\/div>\n<div>Certificado por um laborat\u00f3rio tercerizado de acordo com CDPH\/EHLB\/ M\u00e9todo Padr\u00e3o Vers\u00e3o 1.1, 2010 pelo Departamento de Sa\u00fade P\u00fablica da Calif\u00f3rnia. Esta norma \u00e9 uma refer\u00eancia para baixas emiss\u00f5es no LEED, CalGreen T\u00edtulo 24, ANSI\/ASHRAE\/USGBC\/IES Norma 189; ANSI\/GBI Green Building Protocolo de Avalia\u00e7\u00e3o.<\/div>\n<div><\/div>\n<div>Anti Mofo\/ Fungo e Bact\u00e9ria<\/div>\n<div>BioBlock Plus para inibrir ou retardar o crescimento de mofos\/fungos e bact\u00e9rias. Bioblock Plus cont\u00e9m um tratamento antif\u00fangico e bactericida que fornece garantia \u00e0 resist\u00eancia e contra o crescimento de fungos\/ mofos e Gram-positivo e Gram-negativo odor \/manchas causados por bact\u00e9rias.<\/div>\n<div><\/div>\n<div>Peso<\/div>\n<div>2,93 kg\/m2<\/div>\n<div><\/div>\n<div>Sistema de Suspens\u00e3o Recomendado<\/div>\n<div>Perfil Armstrong XL32 de 15\/16&#8243; em a\u00e7o galvanizado em banho quente e costura dupla de f\u00e1brica, com capa de poli\u00e9ster branca e 24mm de base.<\/div>\n<div><\/div>\n<div>\n<h3>CORES<\/h3>\n<\/div>\n<div>Branco<\/div>\n<\/div>\n<div><\/div>\n<div>\n<h3>ESPECIFICA\u00c7\u00d5ES<img loading=\"lazy\" class=\"alignnone wp-image-26989 size-full\" src=\"https:\/\/rainhadogesso.com.br\/catalogo\/wp-content\/uploads\/2022\/08\/tttt.png\" alt=\"\" width=\"650\" height=\"220\" srcset=\"https:\/\/rainhadogesso.com.br\/catalogo\/wp-content\/uploads\/2022\/08\/tttt.png 650w, https:\/\/rainhadogesso.com.br\/catalogo\/wp-content\/uploads\/2022\/08\/tttt-300x102.png 300w, https:\/\/rainhadogesso.com.br\/catalogo\/wp-content\/uploads\/2022\/08\/tttt-600x203.png 600w\" sizes=\"(max-width: 650px) 100vw, 650px\" \/><\/h3>\n<div>ESTOCAGEM, TRANSPORTE E MANUSEIO<\/div>\n<div>Consulte o cat\u00e1logo de produtos Armstrong para obter maiores detalhes.<\/div>\n<div><\/div>\n<div>\n<h3>GARANTIA<\/h3>\n<\/div>\n<div>30 anos de garantia para forros com perfis met\u00e1licos Armstrong ou 10 anos de garantia para apenas forros Armstrong.<\/div>\n<\/div>\n","protected":false},"excerpt":{"rendered":"<p>[vc_btn title=&#8221;Solicitar Or\u00e7amento&#8221; style=&#8221;3d&#8221; color=&#8221;info&#8221; size=&#8221;lg&#8221; link=&#8221;url:http%3A%2F%2Frainhadogesso.com.br%2Fcatalogo%2Fsolicitar-orcamento|||&#8221;]<\/p>\n","protected":false},"featured_media":26992,"comment_status":"open","ping_status":"closed","template":"","meta":[],"_links":{"self":[{"href":"https:\/\/rainhadogesso.com.br\/catalogo\/wp-json\/wp\/v2\/product\/26991"}],"collection":[{"href":"https:\/\/rainhadogesso.com.br\/catalogo\/wp-json\/wp\/v2\/product"}],"about":[{"href":"https:\/\/rainhadogesso.com.br\/catalogo\/wp-json\/wp\/v2\/types\/product"}],"replies":[{"embeddable":true,"href":"https:\/\/rainhadogesso.com.br\/catalogo\/wp-json\/wp\/v2\/comments?post=26991"}],"wp:featuredmedia":[{"embeddable":true,"href":"https:\/\/rainhadogesso.com.br\/catalogo\/wp-json\/wp\/v2\/media\/26992"}],"wp:attachment":[{"href":"https:\/\/rainhadogesso.com.br\/catalogo\/wp-json\/wp\/v2\/media?parent=26991"}],"curies":[{"name":"wp","href":"https:\/\/api.w.org\/{rel}","templated":true}]}}