{"id":27013,"date":"2022-08-02T11:46:25","date_gmt":"2022-08-02T14:46:25","guid":{"rendered":"https:\/\/rainhadogesso.com.br\/catalogo\/?post_type=product&#038;p=27013"},"modified":"2022-11-11T10:42:53","modified_gmt":"2022-11-11T13:42:53","slug":"forro-acustico-sierra-antigo-alpina","status":"publish","type":"product","link":"https:\/\/rainhadogesso.com.br\/catalogo\/shop\/forro-removivel\/forro-acustico-sierra-antigo-alpina\/","title":{"rendered":"FORRO AC\u00daSTICO SIERRA (ANTIGO ALPINA)"},"content":{"rendered":"<div>O forro Sierra antigo Alpina apresenta uma superf\u00edcie com textura muito fina e alta durabilidade.<\/div>\n<div><\/div>\n<div>Possui uma garantia de 30 anos contra deforma\u00e7\u00f5es vis\u00edveis (HumiGuard Plus) e contra o crescimento de fungos, mofo e bact\u00e9rias (BioBlock Plus), quando usado com perfil de suspens\u00e3o Armstrong.<\/div>\n<div><\/div>\n<div>NRC: At\u00e9 0,90<\/div>\n<div>CAC: 28<\/div>\n<div>SRA :0,90<\/div>\n<div>Resist\u00eancia ao fogo: Classe A<\/div>\n<div>Reflet\u00e2ncia luminosa: 0,85<\/div>\n<div>Coeficiente T\u00e9rmico: K:0,006 w\/m\u00baC<\/div>\n<div>Sistema de suspens\u00e3o: T24<\/div>\n<div>Peso: 3,7 Kg\/m\u00b2<\/div>\n<div><\/div>\n<div>\n<h2>PRINCIPAIS RECURSOS<\/h2>\n<\/div>\n<div>Desempenho de resist\u00eancia \u00e0 umidade \u2013 rH95-49\u00ba<\/div>\n<div>Alta absor\u00e7\u00e3o de ru\u00eddo<\/div>\n<div>Reflet\u00e2ncia luminosa superior, reduz os custos de ilumina\u00e7\u00e3o e energia em at\u00e9 18%<img loading=\"lazy\" class=\"alignnone size-full wp-image-27014\" src=\"https:\/\/rainhadogesso.com.br\/catalogo\/wp-content\/uploads\/2022\/08\/yy.jpg\" alt=\"\" width=\"268\" height=\"216\" \/><img loading=\"lazy\" class=\"alignnone size-full wp-image-27015\" src=\"https:\/\/rainhadogesso.com.br\/catalogo\/wp-content\/uploads\/2022\/08\/uu.jpg\" alt=\"\" width=\"700\" height=\"284\" srcset=\"https:\/\/rainhadogesso.com.br\/catalogo\/wp-content\/uploads\/2022\/08\/uu.jpg 700w, https:\/\/rainhadogesso.com.br\/catalogo\/wp-content\/uploads\/2022\/08\/uu-300x122.jpg 300w, https:\/\/rainhadogesso.com.br\/catalogo\/wp-content\/uploads\/2022\/08\/uu-600x243.jpg 600w\" sizes=\"(max-width: 700px) 100vw, 700px\" \/><\/div>\n","protected":false},"excerpt":{"rendered":"<p>[vc_btn title=&#8221;Solicitar Or\u00e7amento&#8221; style=&#8221;3d&#8221; color=&#8221;info&#8221; size=&#8221;lg&#8221; link=&#8221;url:http%3A%2F%2Frainhadogesso.com.br%2Fcatalogo%2Fsolicitar-orcamento|||&#8221;]<\/p>\n","protected":false},"featured_media":27016,"comment_status":"open","ping_status":"closed","template":"","meta":[],"_links":{"self":[{"href":"https:\/\/rainhadogesso.com.br\/catalogo\/wp-json\/wp\/v2\/product\/27013"}],"collection":[{"href":"https:\/\/rainhadogesso.com.br\/catalogo\/wp-json\/wp\/v2\/product"}],"about":[{"href":"https:\/\/rainhadogesso.com.br\/catalogo\/wp-json\/wp\/v2\/types\/product"}],"replies":[{"embeddable":true,"href":"https:\/\/rainhadogesso.com.br\/catalogo\/wp-json\/wp\/v2\/comments?post=27013"}],"wp:featuredmedia":[{"embeddable":true,"href":"https:\/\/rainhadogesso.com.br\/catalogo\/wp-json\/wp\/v2\/media\/27016"}],"wp:attachment":[{"href":"https:\/\/rainhadogesso.com.br\/catalogo\/wp-json\/wp\/v2\/media?parent=27013"}],"curies":[{"name":"wp","href":"https:\/\/api.w.org\/{rel}","templated":true}]}}