{"id":27017,"date":"2022-08-02T11:49:28","date_gmt":"2022-08-02T14:49:28","guid":{"rendered":"https:\/\/rainhadogesso.com.br\/catalogo\/?post_type=product&#038;p=27017"},"modified":"2022-11-11T10:42:40","modified_gmt":"2022-11-11T13:42:40","slug":"forro-acustico-cirrus","status":"publish","type":"product","link":"https:\/\/rainhadogesso.com.br\/catalogo\/shop\/forro-removivel\/forro-acustico-cirrus\/","title":{"rendered":"FORRO AC\u00daSTICO CIRRUS"},"content":{"rendered":"<div>O forro CIRRUS tem textura m\u00e9dia com desempenho ac\u00fastico Total Acoustics (alto NRC e CAC)<\/div>\n<div><\/div>\n<div>Possui garantia de 30 anos contra deforma\u00e7\u00f5es vis\u00edveis (Humiguard Plus) e o crescimento de fungos, mofo e bact\u00e9rias (Bioblock Plus), quando usado com perfil de suspens\u00e3o Armstrong.<\/div>\n<div><\/div>\n<div>NRC: At\u00e9 0,80<\/div>\n<div>CAC: 35<\/div>\n<div>SRA :0,80<\/div>\n<div>Resist\u00eancia ao fogo: Classe A<\/div>\n<div>Reflet\u00e2ncia luminosa: 0,86<\/div>\n<div>Coeficiente T\u00e9rmico: K:0,057 w\/m\u00baC<\/div>\n<div>Sistema de suspens\u00e3o: T24<\/div>\n<div>Peso: 5,32 Kg\/m\u00b2<\/div>\n<div><\/div>\n<div>\n<h2>PRINCIPAIS RECURSOS<\/h2>\n<\/div>\n<div>Alta reflet\u00e2ncia da luz e \u00f3tima absor\u00e7\u00e3o de ru\u00eddo<\/div>\n<div>Desempenho de resist\u00eancia \u00e0 umidade HumiGuard Plus<\/div>\n<div>Excelente combina\u00e7\u00e3o de desempenho ac\u00fastico NRC (at\u00e9 0,80) e CAC (35)<\/div>\n<div><\/div>\n<div>Indicado para \u00e1reas comerciais, escolas, igrejas, bancos, escrit\u00f3rios, audit\u00f3rios, call centers, salas de teleconfer\u00eancia.<img loading=\"lazy\" class=\"alignnone size-full wp-image-27018\" src=\"https:\/\/rainhadogesso.com.br\/catalogo\/wp-content\/uploads\/2022\/08\/2.jpg\" alt=\"\" width=\"408\" height=\"189\" srcset=\"https:\/\/rainhadogesso.com.br\/catalogo\/wp-content\/uploads\/2022\/08\/2.jpg 408w, https:\/\/rainhadogesso.com.br\/catalogo\/wp-content\/uploads\/2022\/08\/2-300x139.jpg 300w\" sizes=\"(max-width: 408px) 100vw, 408px\" \/><img loading=\"lazy\" class=\"alignnone size-full wp-image-27019\" src=\"https:\/\/rainhadogesso.com.br\/catalogo\/wp-content\/uploads\/2022\/08\/3.jpg\" alt=\"\" width=\"700\" height=\"226\" srcset=\"https:\/\/rainhadogesso.com.br\/catalogo\/wp-content\/uploads\/2022\/08\/3.jpg 700w, https:\/\/rainhadogesso.com.br\/catalogo\/wp-content\/uploads\/2022\/08\/3-300x97.jpg 300w, https:\/\/rainhadogesso.com.br\/catalogo\/wp-content\/uploads\/2022\/08\/3-600x194.jpg 600w\" sizes=\"(max-width: 700px) 100vw, 700px\" \/><\/div>\n","protected":false},"excerpt":{"rendered":"<p>[vc_btn title=&#8221;Solicitar Or\u00e7amento&#8221; style=&#8221;3d&#8221; color=&#8221;info&#8221; size=&#8221;lg&#8221; link=&#8221;url:http%3A%2F%2Frainhadogesso.com.br%2Fcatalogo%2Fsolicitar-orcamento|||&#8221;]<\/p>\n","protected":false},"featured_media":27020,"comment_status":"open","ping_status":"closed","template":"","meta":[],"_links":{"self":[{"href":"https:\/\/rainhadogesso.com.br\/catalogo\/wp-json\/wp\/v2\/product\/27017"}],"collection":[{"href":"https:\/\/rainhadogesso.com.br\/catalogo\/wp-json\/wp\/v2\/product"}],"about":[{"href":"https:\/\/rainhadogesso.com.br\/catalogo\/wp-json\/wp\/v2\/types\/product"}],"replies":[{"embeddable":true,"href":"https:\/\/rainhadogesso.com.br\/catalogo\/wp-json\/wp\/v2\/comments?post=27017"}],"wp:featuredmedia":[{"embeddable":true,"href":"https:\/\/rainhadogesso.com.br\/catalogo\/wp-json\/wp\/v2\/media\/27020"}],"wp:attachment":[{"href":"https:\/\/rainhadogesso.com.br\/catalogo\/wp-json\/wp\/v2\/media?parent=27017"}],"curies":[{"name":"wp","href":"https:\/\/api.w.org\/{rel}","templated":true}]}}