{"id":27025,"date":"2022-08-02T11:51:53","date_gmt":"2022-08-02T14:51:53","guid":{"rendered":"https:\/\/rainhadogesso.com.br\/catalogo\/?post_type=product&#038;p=27025"},"modified":"2022-11-11T10:42:14","modified_gmt":"2022-11-11T13:42:14","slug":"forros-de-la-de-vidro-isover","status":"publish","type":"product","link":"https:\/\/rainhadogesso.com.br\/catalogo\/shop\/forro-removivel\/forros-de-la-de-vidro-isover\/","title":{"rendered":"FORROS DE L\u00c3 DE VIDRO ISOVER"},"content":{"rendered":"<p class=\"product-description\">O forro de l\u00e3 de vidro oferece ao ambiente uma solu\u00e7\u00e3o de maior desempenho, funcionando como um excelente isolante t\u00e9rmico al\u00e9m de agregar a melhor est\u00e9tica.<\/p>\n<p>\u00c9 considerada um elemento fundamental para garantir a qualidade sonora dos ambientes, tem se mostrado um dos melhores produtos para tratamento t\u00e9rmico e ac\u00fastico dos mais diversos ambientes. Al\u00e9m disso, s\u00e3o de f\u00e1cil aplica\u00e7\u00e3o e n\u00e3o pegam fogo, o que garante maior seguran\u00e7a.<\/p>\n<h2>As vantagens do Forro de L\u00e3 de Vidro s\u00e3o muitas, entre elas est\u00e3o:<\/h2>\n<p>&#8211; As placas s\u00e3o remov\u00edveis, ou seja, voc\u00ea poder\u00e1 limpar e ter acesso as instala\u00e7\u00f5es internas facilmente;<br \/>\n&#8211; N\u00e3o sofrem varia\u00e7\u00f5es de tamanho com o passar do tempo;<br \/>\n&#8211; Alta durabilidade, ou seja, n\u00e3o deteriora ou apodrece;<br \/>\n&#8211; Oferecem um isolamento t\u00e9rmico superior a todas op\u00e7\u00f5es de mercado o que reduz o gasto de energia em ambientes climatizados;<br \/>\n&#8211; N\u00e3o absorve umidade;<\/p>\n<p>A Isar Isolamentos possui a melhor op\u00e7\u00e3o em Forro de L\u00e3 de Vidro do mercado. Entre em contato conosco e saiba mais.<\/p>\n<div class=\"accordion\">\n<div class=\"item-accordion\">\n<h2 class=\"title-accordion\">\u00bb Forrovid Boreal Plus 60<\/h2>\n<\/div>\n<div class=\"item-accordion\">\n<h2 class=\"title-accordion\">\u00bb Forrovid Boreal Plus Negro 60<\/h2>\n<\/div>\n<div class=\"item-accordion\">\n<h2 class=\"title-accordion active\">\u00bb Forrovid Mistral 60<\/h2>\n<div class=\"text\">\n<p>FORROS REMOV\u00cdVEIS COM PROPRIEDADES TERMOAC\u00daSTICAS PARA TETOS<\/p>\n<\/div>\n<\/div>\n<\/div>\n","protected":false},"excerpt":{"rendered":"<p>[vc_btn title=&#8221;Solicitar Or\u00e7amento&#8221; style=&#8221;3d&#8221; color=&#8221;info&#8221; size=&#8221;lg&#8221; link=&#8221;url:http%3A%2F%2Frainhadogesso.com.br%2Fcatalogo%2Fsolicitar-orcamento|||&#8221;]<\/p>\n","protected":false},"featured_media":27026,"comment_status":"open","ping_status":"closed","template":"","meta":[],"_links":{"self":[{"href":"https:\/\/rainhadogesso.com.br\/catalogo\/wp-json\/wp\/v2\/product\/27025"}],"collection":[{"href":"https:\/\/rainhadogesso.com.br\/catalogo\/wp-json\/wp\/v2\/product"}],"about":[{"href":"https:\/\/rainhadogesso.com.br\/catalogo\/wp-json\/wp\/v2\/types\/product"}],"replies":[{"embeddable":true,"href":"https:\/\/rainhadogesso.com.br\/catalogo\/wp-json\/wp\/v2\/comments?post=27025"}],"wp:featuredmedia":[{"embeddable":true,"href":"https:\/\/rainhadogesso.com.br\/catalogo\/wp-json\/wp\/v2\/media\/27026"}],"wp:attachment":[{"href":"https:\/\/rainhadogesso.com.br\/catalogo\/wp-json\/wp\/v2\/media?parent=27025"}],"curies":[{"name":"wp","href":"https:\/\/api.w.org\/{rel}","templated":true}]}}