{"id":27029,"date":"2022-08-02T11:57:03","date_gmt":"2022-08-02T14:57:03","guid":{"rendered":"https:\/\/rainhadogesso.com.br\/catalogo\/?post_type=product&#038;p=27029"},"modified":"2022-11-11T10:41:48","modified_gmt":"2022-11-11T13:41:48","slug":"forro-acustico-em-la-de-vidro-hygiene","status":"publish","type":"product","link":"https:\/\/rainhadogesso.com.br\/catalogo\/shop\/forro-removivel\/forro-acustico-em-la-de-vidro-hygiene\/","title":{"rendered":"FORRO AC\u00daSTICO EM L\u00c3 DE VIDRO HYGIENE"},"content":{"rendered":"<div class=\"inner-page product\">\n<div class=\"product-details\">\n<div class=\"content\">\n<div class=\"column\">\n<p class=\"product-description\">Um performer comprovado em v\u00e1rios ambientes exigentes em termos higi\u00eanicos e cl\u00ednicos; Ecophon Hygiene e os sistemas completos ir\u00e3o satisfazer mesmo os requisitos mais exigentes.<\/p>\n<p>&#8211;<\/p>\n<h2>Ecophon Hygiene Clinic\u2122 A TECH<\/h2>\n<p class=\"product-description\">Perfil aparente para ambientes secos.<\/p>\n<p>Ecophon Hygiene Clinic A \u00e9 um sistema de forro absorvedor sonoro de parede a parede indicado para aplica\u00e7\u00f5es em \u00e1reas de sa\u00fade, onde um forro suspenso \u00e9 necess\u00e1rio por\u00e9m devem atender as mais r\u00edgidas normas. Este sistema \u00e9 recomendado para ambientes secos.\u00c9 indicado para consult\u00f3rios, ambulat\u00f3rios e enfermarias. O sistema est\u00e1 classificado como B5 para a zona 4 de acordo com a norma NF S 90-351 e classificado como &#8220;clean room&#8221; de acordo com a ISO 5. . O sistema consiste em placas Ecophon Clinic A e perfis Ecophon Connect, com um peso aproximado de 2,5 kg\/m\u00b2. As placas s\u00e3o fabricadas em l\u00e3 de vidro de alta densidade. A superf\u00edcie aparente \u00e9 revestida com Akutex\u2122 T e o verso da placa recebe aplica\u00e7\u00e3o de v\u00e9u de vidro.Os perfis s\u00e3o fabricados em a\u00e7o galvanizado.<\/p>\n<p>&#8211;<\/p>\n<h2>Ecophon Hygiene Clinic\u2122 E TECH<\/h2>\n<p class=\"product-description\">Perfil tegular. Placas remov\u00edveis. Para ambientes secos em \u00e1reas de sa\u00fade.<\/p>\n<p>Ecophon Hygiene Clinic E \u00e9 um sistema de forro absorvedor sonoro de parede a parede indicado para aplica\u00e7\u00f5es em \u00e1reas de sa\u00fade, onde um forro suspenso \u00e9 necess\u00e1rio por\u00e9m devem atender as mais r\u00edgidas normas. Este sistema \u00e9 recomendado para ambientes secos. \u00c9 apoiado em perfil vis\u00edvel rebaixado e sua placa possui borda tegular, criando um forro com um efeito de sombra em cada placa. A superf\u00edcie aparente da placa est\u00e1 a 7mm rebaixada do perfil. \u00c9 indicado para salas de espera, consult\u00f3rios, ambulat\u00f3rios e enfermarias. O sistema est\u00e1 classificado como B5 para a zona 4 de acordo com a norma NF S 90-351 e classificado como &#8220;clean room&#8221; de acordo com a ISO 5. O sistema consiste em placas Ecophon Clinic E e perfis Ecophon Connect, com um peso aproximado de 2,5 kg\/m\u00b2. As placas s\u00e3o fabricadas em l\u00e3 de vidro de alta densidade. A superf\u00edcie aparente \u00e9 revestida com Akutex\u2122 T e o verso da placa recebe aplica\u00e7\u00e3o de v\u00e9u de vidro. As bordas s\u00e3o pintadas. Para melhor performance e qualidade do sistema utilize perfis e acess\u00f3rios Ecophon Connect. Os perfis s\u00e3o fabricados em a\u00e7o galvanizado.<\/p>\n<p>&#8211; Ecophon Hygiene Performance\u2122 A TECH<br \/>\nPerfil aparente. Para ambientes secos em refeit\u00f3rios.<\/p>\n<p>Ecophon Hygiene Performance\u2122 A is a wall to wall, sound-absorbing ceiling system intended for environments where there is a risk for slight contamination, where cleaning is required on a regular basis and where humidity levels are occasionally high e.g. kitchens, shower areas and swimming halls. The system consists of Ecophon Hygiene Performance\u2122 A tiles, which have a core of high density glass wool and a painted cleanable Akutex\u2122 surface. The back of the tile is covered with glass tissue. The edges are primed. The system is available with C3 grid for humid areas and C4 grid for swimming hall areas. The weight of the system is 3-4 kg\/m\u00b2 (20 mm) and 5 kg\/m\u00b2(40 mm). For areas requiring cleaning, tiles should be secured to the grid with Connect\u2122 Hygiene clips in order to withstand pressure during cleaning and to minimise dirt traps. For best performance and system quality use Connect\u2122 grid and accessories.<\/p>\n<\/div>\n<\/div>\n<\/div>\n<\/div>\n","protected":false},"excerpt":{"rendered":"<p>[vc_btn title=&#8221;Solicitar Or\u00e7amento&#8221; style=&#8221;3d&#8221; color=&#8221;info&#8221; size=&#8221;lg&#8221; link=&#8221;url:http%3A%2F%2Frainhadogesso.com.br%2Fcatalogo%2Fsolicitar-orcamento|||&#8221;]<\/p>\n","protected":false},"featured_media":27030,"comment_status":"open","ping_status":"closed","template":"","meta":[],"_links":{"self":[{"href":"https:\/\/rainhadogesso.com.br\/catalogo\/wp-json\/wp\/v2\/product\/27029"}],"collection":[{"href":"https:\/\/rainhadogesso.com.br\/catalogo\/wp-json\/wp\/v2\/product"}],"about":[{"href":"https:\/\/rainhadogesso.com.br\/catalogo\/wp-json\/wp\/v2\/types\/product"}],"replies":[{"embeddable":true,"href":"https:\/\/rainhadogesso.com.br\/catalogo\/wp-json\/wp\/v2\/comments?post=27029"}],"wp:featuredmedia":[{"embeddable":true,"href":"https:\/\/rainhadogesso.com.br\/catalogo\/wp-json\/wp\/v2\/media\/27030"}],"wp:attachment":[{"href":"https:\/\/rainhadogesso.com.br\/catalogo\/wp-json\/wp\/v2\/media?parent=27029"}],"curies":[{"name":"wp","href":"https:\/\/api.w.org\/{rel}","templated":true}]}}