{"id":27033,"date":"2022-08-02T12:00:09","date_gmt":"2022-08-02T15:00:09","guid":{"rendered":"https:\/\/rainhadogesso.com.br\/catalogo\/?post_type=product&#038;p=27033"},"modified":"2022-11-11T10:41:21","modified_gmt":"2022-11-11T13:41:21","slug":"forro-branco-liso-em-la-de-pet","status":"publish","type":"product","link":"https:\/\/rainhadogesso.com.br\/catalogo\/shop\/forro-removivel\/forro-branco-liso-em-la-de-pet\/","title":{"rendered":"FORRO BRANCO LISO EM L\u00c3 DE PET"},"content":{"rendered":"<div class=\"inner-page product\">\n<div class=\"product-details\">\n<div class=\"content\">\n<div class=\"column\">\n<p class=\"product-description\">Leves e resistentes, os forros garantem \u00f3timo acabamento est\u00e9tico, e excelente desempenho ac\u00fastico e t\u00e9rmico. \u00c9 indicado para aplica\u00e7\u00f5es em \u00e1reas de grande p\u00fablico e para projetos que necessitem aliar conforto t\u00e9rmico e ac\u00fastico \u00e0 est\u00e9tica como ambientes comerciais, supermercados, restaurantes, lojas, salas de aula, bibliotecas, igrejas, etc. Tem como fun\u00e7\u00e3o principal a absor\u00e7\u00e3o do som, evitando a reverbera\u00e7\u00e3o excessiva nestes ambientes. \u00c9 considerada a \u201cFerrari\u201d dos forros.<\/p>\n<h2>Vantagens:<\/h2>\n<p>&#8211; Isolante t\u00e9rmico<br \/>\n&#8211; Absorvente ac\u00fastico<br \/>\n&#8211; 100% recicl\u00e1vel<br \/>\n&#8211; Fabricado com l\u00e3 de PET<br \/>\n&#8211; Auto extingu\u00edvel<br \/>\n&#8211; F\u00e1cil de instalar<br \/>\n&#8211; N\u00e3o mofa com umidade<br \/>\n&#8211; F\u00e1cil de transportar<\/p>\n<h2>Caracter\u00edsticas:<\/h2>\n<p>&#8211; Coeficiente de absor\u00e7\u00e3o sonora: Excelente absor\u00e7\u00e3o e atenua\u00e7\u00e3o de ru\u00eddos proporcionando conforto ac\u00fastico<br \/>\n&#8211; Permite acesso a instala\u00e7\u00e3o sob o teto estrutural: \u00c9 de f\u00e1cil manuten\u00e7\u00e3o e possui elevada resist\u00eancia ao manuseio<br \/>\n&#8211; Op\u00e7\u00f5es de cores preto, branco e branco fosco: Permite op\u00e7\u00f5es de acabamento<br \/>\n&#8211; Pode ser embalado a v\u00e1cuo para mantas: Ocupa menos espa\u00e7o e reduz custos de transporte e armazenagem<br \/>\n&#8211; Reduz a troca de calor: Mais conforto t\u00e9rmico<br \/>\n&#8211; Reduz o consumo de ar condicionado: Menor consumo de energia el\u00e9trica<br \/>\n&#8211; \u00c9 leve: N\u00e3o sobrecarrega as estruturas de sustenta\u00e7\u00e3o<br \/>\n&#8211; Placas facilmente remov\u00edveis: Permite acesso \u00e0s instala\u00e7\u00f5es sob o forro<br \/>\n&#8211; Dispensa o uso de EPI\u2019s: F\u00e1cil de manusear nas obras<br \/>\n&#8211; N\u00e3o utiliza resina: N\u00e3o mancha com vazamento de \u00e1gua<br \/>\n&#8211; Sustentabilidade: Contribui para qualifica\u00e7\u00e3o dos empreendimentos em sistemas de qualifica\u00e7\u00f5es ambientais e etiquetagem de edifica\u00e7\u00f5es<br \/>\n&#8211; Produto composto por fibras 100% POLI\u00c9STER:<br \/>\n100% recicl\u00e1vel<br \/>\nAt\u00f3xica<br \/>\nAntial\u00e9rgico<br \/>\nN\u00e3o proliferam mofo, fungos ou bact\u00e9rias<br \/>\nResistente \u00e0 umidade<br \/>\nN\u00e3o oxida e n\u00e3o se deteriora<br \/>\nLonga durabilidade, n\u00e3o sofrem deforma\u00e7\u00f5es ou de composi\u00e7\u00e3o, mesmo ap\u00f3s a instala\u00e7\u00e3o.<br \/>\n&#8211; Fabricada com alta tecnologia: S\u00e3o lav\u00e1veis, f\u00e1ceis de limpar e conservar<br \/>\n&#8211; Laudo de rea\u00e7\u00e3o ao fogo IPT n\u00ba 1 018 293 \u2013 203: RESISTENTE AO FOGO \u00e9 AUTO EXTINGU\u00cdVEL Classif. II-A IT 10 do Corpo de Bombeiros \/ SP.<\/p>\n<\/div>\n<\/div>\n<\/div>\n<\/div>\n","protected":false},"excerpt":{"rendered":"<p>[vc_btn title=&#8221;Solicitar Or\u00e7amento&#8221; style=&#8221;3d&#8221; color=&#8221;info&#8221; size=&#8221;lg&#8221; link=&#8221;url:http%3A%2F%2Frainhadogesso.com.br%2Fcatalogo%2Fsolicitar-orcamento|||&#8221;]<\/p>\n","protected":false},"featured_media":27034,"comment_status":"open","ping_status":"closed","template":"","meta":[],"_links":{"self":[{"href":"https:\/\/rainhadogesso.com.br\/catalogo\/wp-json\/wp\/v2\/product\/27033"}],"collection":[{"href":"https:\/\/rainhadogesso.com.br\/catalogo\/wp-json\/wp\/v2\/product"}],"about":[{"href":"https:\/\/rainhadogesso.com.br\/catalogo\/wp-json\/wp\/v2\/types\/product"}],"replies":[{"embeddable":true,"href":"https:\/\/rainhadogesso.com.br\/catalogo\/wp-json\/wp\/v2\/comments?post=27033"}],"wp:featuredmedia":[{"embeddable":true,"href":"https:\/\/rainhadogesso.com.br\/catalogo\/wp-json\/wp\/v2\/media\/27034"}],"wp:attachment":[{"href":"https:\/\/rainhadogesso.com.br\/catalogo\/wp-json\/wp\/v2\/media?parent=27033"}],"curies":[{"name":"wp","href":"https:\/\/api.w.org\/{rel}","templated":true}]}}