{"id":27035,"date":"2022-08-02T12:01:55","date_gmt":"2022-08-02T15:01:55","guid":{"rendered":"https:\/\/rainhadogesso.com.br\/catalogo\/?post_type=product&#038;p=27035"},"modified":"2022-11-11T10:41:10","modified_gmt":"2022-11-11T13:41:10","slug":"forro-decor","status":"publish","type":"product","link":"https:\/\/rainhadogesso.com.br\/catalogo\/shop\/forro-removivel\/forro-decor\/","title":{"rendered":"FORRO DECOR"},"content":{"rendered":"<div class=\"inner-page product\">\n<div class=\"product-details\">\n<div class=\"content\">\n<div class=\"column\">\n<p class=\"product-description\">Leves e resistentes, os forros garantem \u00f3timo acabamento est\u00e9tico, e excelente desempenho ac\u00fastico e t\u00e9rmico. A junta seca dos pain\u00e9is proporciona \u00f3timo acabamento est\u00e9tico, ideal para quem procura flexibilidade de projeto e personaliza\u00e7\u00e3o de ambientes. Al\u00e9m da absor\u00e7\u00e3o sonora conta como um elemento decorativo.<\/p>\n<h2>Vantagens:<\/h2>\n<p>&#8211; Isolante t\u00e9rmico<br \/>\n&#8211; Isolante ac\u00fastico<br \/>\n&#8211; 100% recicl\u00e1vel<br \/>\n&#8211; Fabricado com l\u00e3 de PET<br \/>\n&#8211; Auto extingu\u00edvel<br \/>\n&#8211; F\u00e1cil de instala<br \/>\n&#8211; N\u00e3o mofa com umidade<br \/>\n&#8211; F\u00e1cil de transportar<\/p>\n<h2>Caracter\u00edsticas:<\/h2>\n<p>&#8211; Coeficiente de absor\u00e7\u00e3o sonora: Al\u00e9m de serem decorativos melhoram muito a inteligibilidade do som e a reverbera\u00e7\u00e3o do ambiente<br \/>\n&#8211; Pain\u00e9is modulares: Proporcionam \u00f3timo resultado est\u00e9tico com as combina\u00e7\u00f5es formadas por mais de 1 painel<br \/>\n&#8211; Acabamentos que dispensam o uso de perfis entre os pain\u00e9is: Permite juntas secas e proporciona excelente acabamento<br \/>\n&#8211; Ampla variedade e op\u00e7\u00f5es: Integram-se perfeitamente a decora\u00e7\u00e3o dos ambientes, com muitas op\u00e7\u00f5es de varia\u00e7\u00e3o para quem procura flexibilidade e personaliza\u00e7\u00e3o<br \/>\n&#8211; Exclusivo sistema de fixa\u00e7\u00e3o: F\u00e1cil de instalar e manusear, com \u00f3timo acabamento est\u00e9tico<br \/>\n&#8211; Sustentabilidade: Contribui para qualifica\u00e7\u00e3o dos empreendimentos em sistemas de qualifica\u00e7\u00f5es ambientais e etiquetagem de edifica\u00e7\u00f5es<br \/>\n&#8211; Produto composto por fibras 100% POLI\u00c9STER:<br \/>\n100% recicl\u00e1vel<br \/>\nAt\u00f3xica<br \/>\nAntial\u00e9rgico<br \/>\nN\u00e3o proliferam mofo, fungos ou bact\u00e9rias<br \/>\nResistente \u00e0 umidade<br \/>\nN\u00e3o oxida e n\u00e3o se deteriora<br \/>\nLonga durabilidade, n\u00e3o sofrem deforma\u00e7\u00f5es ou de composi\u00e7\u00e3o, mesmo ap\u00f3s a instala\u00e7\u00e3o.<br \/>\n&#8211; Fabricada com alta tecnologia: S\u00e3o lav\u00e1veis, f\u00e1ceis de limpar e conservar<br \/>\n&#8211; Laudo de rea\u00e7\u00e3o ao fogo IPT n\u00ba 1 018 293 \u2013 203: RESISTENTE AO FOGO \u00e9 AUTO EXTINGU\u00cdVEL Classif. II-A IT 10 do Corpo de Bombeiros \/ SP.<\/p>\n<\/div>\n<\/div>\n<\/div>\n<\/div>\n","protected":false},"excerpt":{"rendered":"<p>[vc_btn title=&#8221;Solicitar Or\u00e7amento&#8221; style=&#8221;3d&#8221; color=&#8221;info&#8221; size=&#8221;lg&#8221; link=&#8221;url:http%3A%2F%2Frainhadogesso.com.br%2Fcatalogo%2Fsolicitar-orcamento|||&#8221;]<\/p>\n","protected":false},"featured_media":27036,"comment_status":"open","ping_status":"closed","template":"","meta":[],"_links":{"self":[{"href":"https:\/\/rainhadogesso.com.br\/catalogo\/wp-json\/wp\/v2\/product\/27035"}],"collection":[{"href":"https:\/\/rainhadogesso.com.br\/catalogo\/wp-json\/wp\/v2\/product"}],"about":[{"href":"https:\/\/rainhadogesso.com.br\/catalogo\/wp-json\/wp\/v2\/types\/product"}],"replies":[{"embeddable":true,"href":"https:\/\/rainhadogesso.com.br\/catalogo\/wp-json\/wp\/v2\/comments?post=27035"}],"wp:featuredmedia":[{"embeddable":true,"href":"https:\/\/rainhadogesso.com.br\/catalogo\/wp-json\/wp\/v2\/media\/27036"}],"wp:attachment":[{"href":"https:\/\/rainhadogesso.com.br\/catalogo\/wp-json\/wp\/v2\/media?parent=27035"}],"curies":[{"name":"wp","href":"https:\/\/api.w.org\/{rel}","templated":true}]}}